{"id":11,"date":"2024-03-26T19:38:25","date_gmt":"2024-03-26T18:38:25","guid":{"rendered":"https:\/\/archiy.fr\/?page_id=11"},"modified":"2024-04-04T11:27:52","modified_gmt":"2024-04-04T09:27:52","slug":"archiy-maginaire","status":"publish","type":"page","link":"https:\/\/archiy.fr\/index.php\/archiy-maginaire\/","title":{"rendered":"Archiy&rsquo;maginaire"},"content":{"rendered":"\n<p style=\"padding-top:var(--wp--preset--spacing--40);padding-bottom:var(--wp--preset--spacing--40);line-height:1.5\">Venez chercher l\u2019inspiration et visitez au fil de nos dessins, les espaces, les d\u00e9cors, nos inspirations, les lieux que nous imaginons. Un projet fictif qui raconte les pi\u00e8ces dans lesquelles nous vivons ; d\u00e9couvrez <strong>l&rsquo;Archiy&rsquo;maginaire <\/strong>!<\/p>\n\n\n<style>.wp-block-kadence-spacer.kt-block-spacer-11_62b54a-33 .kt-block-spacer{height:75px;}.wp-block-kadence-spacer.kt-block-spacer-11_62b54a-33 .kt-divider{border-top-width:1px;height:1px;border-top-color:var(--global-palette7, #EDF2F7);width:80%;border-top-style:solid;}<\/style>\n<div class=\"wp-block-kadence-spacer aligncenter kt-block-spacer-11_62b54a-33\"><div class=\"kt-block-spacer kt-block-spacer-halign-center\"><hr class=\"kt-divider\"\/><\/div><\/div>\n\n\n\n<p class=\"has-theme-palette-3-color has-text-color has-link-color wp-elements-921feff00bcc135f67bc9d3e724956f4\">Episode 1.<\/p>\n\n\n\n<h1 class=\"wp-block-heading has-theme-palette-6-color has-text-color has-link-color wp-elements-a731153c02f67efac120e865493f24a3\">LE VESTIBULE<\/h1>\n\n\n\n<p>Il est souvent le <strong>premier espace <\/strong>que l&rsquo;on d\u00e9couvre en p\u00e9n\u00e9trant dans un b\u00e2timent<strong>. <\/strong>C&rsquo;est une <strong>zone de transition <\/strong>essentielle qui relie<strong> l&rsquo;ext\u00e9rieur et l&rsquo;int\u00e9rieur<\/strong>. Du point de vue architectural, le vestibule doit \u00eatre con\u00e7u de fa\u00e7on \u00e0 <strong>accueillir<\/strong> les visiteurs de mani\u00e8re invitante tout en refl\u00e9tant le <strong>style<\/strong> et l&rsquo;<strong>identit\u00e9<\/strong> du lieu.<\/p>\n\n\n\n<p><strong>Historiquement<\/strong>, l&rsquo;entr\u00e9e des b\u00e2timents a toujours rev\u00eatue une importance particuli\u00e8re. Dans les demeures anciennes, l&rsquo;entr\u00e9e \u00e9tait souvent con\u00e7ue pour <strong>impressionner<\/strong> les visiteurs et exprimer le statut social des occupants. Au fil du temps, les conceptions ont \u00e9volu\u00e9 pour s&rsquo;adapter aux besoins changeants de la soci\u00e9t\u00e9, passant d&rsquo;<strong>espaces majestueux<\/strong> \u00e0 des zones plus <strong>fonctionnelles<\/strong> et <strong>accueillantes<\/strong>.<\/p>\n\n\n\n<p><strong>Philosophiquement<\/strong>, l&rsquo;entr\u00e9e peut \u00eatre vue comme le <strong>seuil entre deux mondes<\/strong> &#8211; le <strong>monde ext\u00e9rieur<\/strong> et le <strong>sanctuaire int\u00e9rieur<\/strong>. Elle symbolise le <strong>passage<\/strong> d&rsquo;un espace public \u00e0 un espace priv\u00e9, offrant aux occupants un moment de transition et de pr\u00e9paration mentale. Dans cette optique, le vestibule devrait \u00eatre con\u00e7u pour inspirer le calme, la s\u00e9curit\u00e9 et le bien-\u00eatre, cr\u00e9ant ainsi une <strong>atmosph\u00e8re accueillante<\/strong> et <strong>harmonieuse <\/strong>d\u00e8s les premiers instants. <\/p>\n\n\n<style>.kb-image11_2b797f-b8 .kb-image-has-overlay:after{opacity:0.3;}<\/style>\n<div class=\"wp-block-kadence-image kb-image11_2b797f-b8\"><figure class=\"aligncenter size-large\"><img loading=\"lazy\" decoding=\"async\" width=\"683\" height=\"1024\" src=\"https:\/\/archiy.fr\/wp-content\/uploads\/2024\/03\/Archiy-Concept-Vestibule-vue-1-crayon-couleur-vertical-683x1024.jpg\" alt=\"Archiy Concept - Vestibule - vue 1 - crayon - couleur - vertical\" class=\"kb-img wp-image-248\" srcset=\"https:\/\/archiy.fr\/wp-content\/uploads\/2024\/03\/Archiy-Concept-Vestibule-vue-1-crayon-couleur-vertical-683x1024.jpg 683w, https:\/\/archiy.fr\/wp-content\/uploads\/2024\/03\/Archiy-Concept-Vestibule-vue-1-crayon-couleur-vertical-200x300.jpg 200w, https:\/\/archiy.fr\/wp-content\/uploads\/2024\/03\/Archiy-Concept-Vestibule-vue-1-crayon-couleur-vertical-768x1152.jpg 768w, https:\/\/archiy.fr\/wp-content\/uploads\/2024\/03\/Archiy-Concept-Vestibule-vue-1-crayon-couleur-vertical-1024x1536.jpg 1024w, https:\/\/archiy.fr\/wp-content\/uploads\/2024\/03\/Archiy-Concept-Vestibule-vue-1-crayon-couleur-vertical.jpg 1200w\" sizes=\"(max-width: 683px) 100vw, 683px\" \/><\/figure><\/div>\n\n\n\n<p>Le <strong>vestibule<\/strong> ou <strong>l&rsquo;entr\u00e9e <\/strong>en architecture int\u00e9rieure est bien plus qu&rsquo;un simple <strong>passage<\/strong>. Il repr\u00e9sente \u00e0 la fois une introduction visuelle \u00e0 l&rsquo;espace int\u00e9rieur, une r\u00e9miniscence de son histoire, une opportunit\u00e9 de d\u00e9coration cr\u00e9ative et une porte vers une philosophie de confort et d&rsquo;harmonie. L&rsquo;entr\u00e9e, non seulement <strong>accueille<\/strong>, mais aussi <strong>enchante<\/strong> les visiteurs, tout en renfor\u00e7ant <strong>l&rsquo;exp\u00e9rience <\/strong>globale de l&rsquo;espace int\u00e9rieur.<\/p>\n\n\n<style>.wp-block-kadence-advancedgallery .kb-gallery-type-grid.kb-gallery-id-11_127c07-50{margin:-5px;}.kb-gallery-type-grid.kb-gallery-id-11_127c07-50 .kadence-blocks-gallery-item{padding:5px;}.kb-gallery-id-11_127c07-50 .kadence-blocks-gallery-item .kb-gal-image-radius, .kb-gallery-id-11_127c07-50 .kb-slide-item .kb-gal-image-radius img{border-radius:0px 0px 0px 0px;;}<\/style><div class=\"kb-gallery-wrap-id-11_127c07-50 alignnone wp-block-kadence-advancedgallery\"><ul class=\"kb-gallery-ul kb-gallery-non-static kb-gallery-type-grid kb-gallery-id-11_127c07-50 kb-gallery-caption-style-bottom-hover kb-gallery-filter-none kb-gallery-magnific-init\" data-image-filter=\"none\" data-item-selector=\".kadence-blocks-gallery-item\" data-lightbox-caption=\"false\" data-columns-xxl=\"2\" data-columns-xl=\"2\" data-columns-md=\"2\" data-columns-sm=\"2\" data-columns-xs=\"1\" data-columns-ss=\"1\"><li class=\"kadence-blocks-gallery-item\"><div class=\"kadence-blocks-gallery-item-inner\"><figure class=\"kb-gallery-figure kb-gallery-item-has-link kadence-blocks-gallery-item-hide-caption\" \"><a href=\"https:\/\/archiy.fr\/wp-content\/uploads\/2024\/04\/Archiy-Concept-Vestibule-vue-2-crayon-couleur-vertical.jpg\" data-alt=\"Archiy-Concept-Vestibule-vue-2-crayon-couleur-vertical\" class=\"kb-gallery-item-link\"  ><div class=\"kb-gal-image-radius\"><div class=\"kb-gallery-image-contain kadence-blocks-gallery-intrinsic kb-gallery-image-ratio-square kb-has-image-ratio-square\" ><img loading=\"lazy\" decoding=\"async\" src=\"https:\/\/archiy.fr\/wp-content\/uploads\/2024\/04\/Archiy-Concept-Vestibule-vue-2-crayon-couleur-vertical.jpg\" width=\"1200\" height=\"1200\" alt=\"Archiy-Concept-Vestibule-vue-2-crayon-couleur-vertical\" data-full-image=\"https:\/\/archiy.fr\/wp-content\/uploads\/2024\/04\/Archiy-Concept-Vestibule-vue-2-crayon-couleur-vertical.jpg\" data-light-image=\"https:\/\/archiy.fr\/wp-content\/uploads\/2024\/04\/Archiy-Concept-Vestibule-vue-2-crayon-couleur-vertical.jpg\" data-id=\"900\" class=\"wp-image-900\" srcset=\"https:\/\/archiy.fr\/wp-content\/uploads\/2024\/04\/Archiy-Concept-Vestibule-vue-2-crayon-couleur-vertical.jpg 1200w, https:\/\/archiy.fr\/wp-content\/uploads\/2024\/04\/Archiy-Concept-Vestibule-vue-2-crayon-couleur-vertical-300x300.jpg 300w, https:\/\/archiy.fr\/wp-content\/uploads\/2024\/04\/Archiy-Concept-Vestibule-vue-2-crayon-couleur-vertical-1024x1024.jpg 1024w, https:\/\/archiy.fr\/wp-content\/uploads\/2024\/04\/Archiy-Concept-Vestibule-vue-2-crayon-couleur-vertical-150x150.jpg 150w, https:\/\/archiy.fr\/wp-content\/uploads\/2024\/04\/Archiy-Concept-Vestibule-vue-2-crayon-couleur-vertical-768x768.jpg 768w\" sizes=\"(max-width: 1200px) 100vw, 1200px\" \/><\/div><\/div><\/a><\/figure><\/div><\/li><li class=\"kadence-blocks-gallery-item\"><div class=\"kadence-blocks-gallery-item-inner\"><figure class=\"kb-gallery-figure kb-gallery-item-has-link kadence-blocks-gallery-item-hide-caption\" \"><a href=\"https:\/\/archiy.fr\/wp-content\/uploads\/2024\/04\/Archiy-Concept-Vestibule-vue-3-crayon-couleur-vertical.jpg\" data-alt=\"Archiy-Concept-Vestibule-vue-3-crayon-couleur-vertical\" class=\"kb-gallery-item-link\"  ><div class=\"kb-gal-image-radius\"><div class=\"kb-gallery-image-contain kadence-blocks-gallery-intrinsic kb-gallery-image-ratio-square kb-has-image-ratio-square\" ><img loading=\"lazy\" decoding=\"async\" src=\"https:\/\/archiy.fr\/wp-content\/uploads\/2024\/04\/Archiy-Concept-Vestibule-vue-3-crayon-couleur-vertical.jpg\" width=\"1200\" height=\"1200\" alt=\"Archiy-Concept-Vestibule-vue-3-crayon-couleur-vertical\" data-full-image=\"https:\/\/archiy.fr\/wp-content\/uploads\/2024\/04\/Archiy-Concept-Vestibule-vue-3-crayon-couleur-vertical.jpg\" data-light-image=\"https:\/\/archiy.fr\/wp-content\/uploads\/2024\/04\/Archiy-Concept-Vestibule-vue-3-crayon-couleur-vertical.jpg\" data-id=\"901\" class=\"wp-image-901\" srcset=\"https:\/\/archiy.fr\/wp-content\/uploads\/2024\/04\/Archiy-Concept-Vestibule-vue-3-crayon-couleur-vertical.jpg 1200w, https:\/\/archiy.fr\/wp-content\/uploads\/2024\/04\/Archiy-Concept-Vestibule-vue-3-crayon-couleur-vertical-300x300.jpg 300w, https:\/\/archiy.fr\/wp-content\/uploads\/2024\/04\/Archiy-Concept-Vestibule-vue-3-crayon-couleur-vertical-1024x1024.jpg 1024w, https:\/\/archiy.fr\/wp-content\/uploads\/2024\/04\/Archiy-Concept-Vestibule-vue-3-crayon-couleur-vertical-150x150.jpg 150w, https:\/\/archiy.fr\/wp-content\/uploads\/2024\/04\/Archiy-Concept-Vestibule-vue-3-crayon-couleur-vertical-768x768.jpg 768w\" sizes=\"(max-width: 1200px) 100vw, 1200px\" \/><\/div><\/div><\/a><\/figure><\/div><\/li><li class=\"kadence-blocks-gallery-item\"><div class=\"kadence-blocks-gallery-item-inner\"><figure class=\"kb-gallery-figure kb-gallery-item-has-link kadence-blocks-gallery-item-hide-caption\" \"><a href=\"https:\/\/archiy.fr\/wp-content\/uploads\/2024\/04\/Archiy-Concept-Vestibule-vue-5-crayon-couleur.jpg\" data-alt=\"Archiy-Concept-Vestibule-vue-5-crayon-couleur\" class=\"kb-gallery-item-link\"  ><div class=\"kb-gal-image-radius\"><div class=\"kb-gallery-image-contain kadence-blocks-gallery-intrinsic kb-gallery-image-ratio-square kb-has-image-ratio-square\" ><img loading=\"lazy\" decoding=\"async\" src=\"https:\/\/archiy.fr\/wp-content\/uploads\/2024\/04\/Archiy-Concept-Vestibule-vue-5-crayon-couleur.jpg\" width=\"1200\" height=\"1200\" alt=\"Archiy-Concept-Vestibule-vue-5-crayon-couleur\" data-full-image=\"https:\/\/archiy.fr\/wp-content\/uploads\/2024\/04\/Archiy-Concept-Vestibule-vue-5-crayon-couleur.jpg\" data-light-image=\"https:\/\/archiy.fr\/wp-content\/uploads\/2024\/04\/Archiy-Concept-Vestibule-vue-5-crayon-couleur.jpg\" data-id=\"899\" class=\"wp-image-899\" srcset=\"https:\/\/archiy.fr\/wp-content\/uploads\/2024\/04\/Archiy-Concept-Vestibule-vue-5-crayon-couleur.jpg 1200w, https:\/\/archiy.fr\/wp-content\/uploads\/2024\/04\/Archiy-Concept-Vestibule-vue-5-crayon-couleur-300x300.jpg 300w, https:\/\/archiy.fr\/wp-content\/uploads\/2024\/04\/Archiy-Concept-Vestibule-vue-5-crayon-couleur-1024x1024.jpg 1024w, https:\/\/archiy.fr\/wp-content\/uploads\/2024\/04\/Archiy-Concept-Vestibule-vue-5-crayon-couleur-150x150.jpg 150w, https:\/\/archiy.fr\/wp-content\/uploads\/2024\/04\/Archiy-Concept-Vestibule-vue-5-crayon-couleur-768x768.jpg 768w\" sizes=\"(max-width: 1200px) 100vw, 1200px\" \/><\/div><\/div><\/a><\/figure><\/div><\/li><li class=\"kadence-blocks-gallery-item\"><div class=\"kadence-blocks-gallery-item-inner\"><figure class=\"kb-gallery-figure kb-gallery-item-has-link kadence-blocks-gallery-item-hide-caption\" \"><a href=\"https:\/\/archiy.fr\/wp-content\/uploads\/2024\/04\/Archiy-Concept-Vestibule-vue-4-crayon-couleur.jpg\" data-alt=\"Archiy-Concept-Vestibule-vue-4-crayon-couleur\" class=\"kb-gallery-item-link\"  ><div class=\"kb-gal-image-radius\"><div class=\"kb-gallery-image-contain kadence-blocks-gallery-intrinsic kb-gallery-image-ratio-square kb-has-image-ratio-square\" ><img loading=\"lazy\" decoding=\"async\" src=\"https:\/\/archiy.fr\/wp-content\/uploads\/2024\/04\/Archiy-Concept-Vestibule-vue-4-crayon-couleur.jpg\" width=\"1200\" height=\"1200\" alt=\"Archiy-Concept-Vestibule-vue-4-crayon-couleur\" data-full-image=\"https:\/\/archiy.fr\/wp-content\/uploads\/2024\/04\/Archiy-Concept-Vestibule-vue-4-crayon-couleur.jpg\" data-light-image=\"https:\/\/archiy.fr\/wp-content\/uploads\/2024\/04\/Archiy-Concept-Vestibule-vue-4-crayon-couleur.jpg\" data-id=\"902\" class=\"wp-image-902\" srcset=\"https:\/\/archiy.fr\/wp-content\/uploads\/2024\/04\/Archiy-Concept-Vestibule-vue-4-crayon-couleur.jpg 1200w, https:\/\/archiy.fr\/wp-content\/uploads\/2024\/04\/Archiy-Concept-Vestibule-vue-4-crayon-couleur-300x300.jpg 300w, https:\/\/archiy.fr\/wp-content\/uploads\/2024\/04\/Archiy-Concept-Vestibule-vue-4-crayon-couleur-1024x1024.jpg 1024w, https:\/\/archiy.fr\/wp-content\/uploads\/2024\/04\/Archiy-Concept-Vestibule-vue-4-crayon-couleur-150x150.jpg 150w, https:\/\/archiy.fr\/wp-content\/uploads\/2024\/04\/Archiy-Concept-Vestibule-vue-4-crayon-couleur-768x768.jpg 768w\" sizes=\"(max-width: 1200px) 100vw, 1200px\" \/><\/div><\/div><\/a><\/figure><\/div><\/li><\/ul><\/div>\n\n<style>.wp-block-kadence-spacer.kt-block-spacer-11_8444a8-25 .kt-block-spacer{height:75px;}.wp-block-kadence-spacer.kt-block-spacer-11_8444a8-25 .kt-divider{border-top-width:1px;height:1px;border-top-color:var(--global-palette7, #EDF2F7);width:80%;border-top-style:solid;}<\/style>\n<div class=\"wp-block-kadence-spacer aligncenter kt-block-spacer-11_8444a8-25\"><div class=\"kt-block-spacer kt-block-spacer-halign-center\"><hr class=\"kt-divider\"\/><\/div><\/div>\n\n\n\n<p>Episode 2.<\/p>\n\n\n\n<h1 class=\"wp-block-heading has-theme-palette-6-color has-text-color has-link-color wp-elements-588b3cce8e9a424ea5148ac6b904893f\">A venir&#8230;<\/h1>\n\n\n<style>.wp-block-kadence-spacer.kt-block-spacer-11_8b14ea-ed .kt-block-spacer{height:60px;}.wp-block-kadence-spacer.kt-block-spacer-11_8b14ea-ed .kt-divider{border-top-width:1px;height:1px;border-top-color:var(--global-palette1, #3182CE);width:80%;border-top-style:solid;}<\/style>\n<div class=\"wp-block-kadence-spacer aligncenter kt-block-spacer-11_8b14ea-ed\"><div class=\"kt-block-spacer kt-block-spacer-halign-center\"><hr class=\"kt-divider\"\/><\/div><\/div>\n\n\n\n<p class=\"has-theme-palette-3-color has-text-color has-link-color wp-elements-af189c30289a3d637a10c1f2186fb165\">Vous aimez nos concepts d&rsquo;architecture ? Cr\u00e9ons le v\u00f4tre !<\/p>\n\n\n<style>.wp-block-kadence-advancedbtn.kb-btns11_d326ba-3b{gap:var(--global-kb-gap-xs, 0.5rem );justify-content:center;align-items:center;}.kt-btns11_d326ba-3b .kt-button{font-weight:normal;font-style:normal;}.kt-btns11_d326ba-3b .kt-btn-wrap-0{margin-right:5px;}.wp-block-kadence-advancedbtn.kt-btns11_d326ba-3b .kt-btn-wrap-0 .kt-button{color:#555555;border-color:#555555;}.wp-block-kadence-advancedbtn.kt-btns11_d326ba-3b .kt-btn-wrap-0 .kt-button:hover, .wp-block-kadence-advancedbtn.kt-btns11_d326ba-3b .kt-btn-wrap-0 .kt-button:focus{color:#ffffff;border-color:#444444;}.wp-block-kadence-advancedbtn.kt-btns11_d326ba-3b .kt-btn-wrap-0 .kt-button::before{display:none;}.wp-block-kadence-advancedbtn.kt-btns11_d326ba-3b .kt-btn-wrap-0 .kt-button:hover, .wp-block-kadence-advancedbtn.kt-btns11_d326ba-3b .kt-btn-wrap-0 .kt-button:focus{background:#444444;}<\/style>\n<div class=\"wp-block-kadence-advancedbtn kb-buttons-wrap kb-btns11_d326ba-3b\"><style>.wp-block-kadence-advancedbtn .kb-btn11_dedd6f-c4.kb-button, ul.menu .wp-block-kadence-advancedbtn .kb-btn11_dedd6f-c4.kb-button{width:300px;}.wp-block-kadence-advancedbtn .kb-btn11_dedd6f-c4.kb-button{font-family:'Albert Sans';font-weight:700;border-top-left-radius:30px;border-top-right-radius:30px;border-bottom-right-radius:30px;border-bottom-left-radius:30px;}.kb-btn11_dedd6f-c4.kb-button .kb-svg-icon-wrap{font-size:0px;}<\/style><a class=\"kb-button kt-button button kb-btn11_dedd6f-c4 kt-btn-size-small kt-btn-width-type-fixed kb-btn-global-fill kt-btn-has-text-true kt-btn-has-svg-false wp-block-kadence-singlebtn\" href=\"https:\/\/archiy.fr\/index.php\/contact\/\"><span class=\"kt-btn-inner-text\">CONTACT<\/span><\/a><\/div>\n\n\n<style>.wp-block-kadence-spacer.kt-block-spacer-11_df6c00-d2 .kt-block-spacer{height:60px;}.wp-block-kadence-spacer.kt-block-spacer-11_df6c00-d2 .kt-divider{border-top-width:1px;height:1px;border-top-color:var(--global-palette1, #3182CE);width:80%;border-top-style:solid;}<\/style>\n<div class=\"wp-block-kadence-spacer aligncenter kt-block-spacer-11_df6c00-d2\"><div class=\"kt-block-spacer kt-block-spacer-halign-center\"><hr class=\"kt-divider\"\/><\/div><\/div>\n","protected":false},"excerpt":{"rendered":"<p>Venez chercher l\u2019inspiration et visitez au fil de nos dessins, les espaces, les d\u00e9cors, nos inspirations, les lieux que nous imaginons. Un projet fictif qui raconte les pi\u00e8ces dans lesquelles nous vivons ; d\u00e9couvrez l&rsquo;Archiy&rsquo;maginaire ! Episode 1. LE VESTIBULE Il est souvent le premier espace que l&rsquo;on d\u00e9couvre en p\u00e9n\u00e9trant dans un b\u00e2timent. C&rsquo;est&#8230;<\/p>\n","protected":false},"author":1,"featured_media":0,"parent":0,"menu_order":0,"comment_status":"closed","ping_status":"closed","template":"","meta":{"_kad_post_transparent":"","_kad_post_title":"","_kad_post_layout":"","_kad_post_sidebar_id":"","_kad_post_content_style":"","_kad_post_vertical_padding":"","_kad_post_feature":"","_kad_post_feature_position":"","_kad_post_header":false,"_kad_post_footer":false,"footnotes":""},"yoast_head":"<!-- This site is optimized with the Yoast SEO plugin v22.7 - https:\/\/yoast.com\/wordpress\/plugins\/seo\/ -->\n<title>Archiy&#039;maginaire - archiy.fr<\/title>\n<meta name=\"robots\" content=\"index, follow, max-snippet:-1, max-image-preview:large, max-video-preview:-1\" \/>\n<link rel=\"canonical\" href=\"https:\/\/archiy.fr\/index.php\/archiy-maginaire\/\" \/>\n<meta property=\"og:locale\" content=\"fr_FR\" \/>\n<meta property=\"og:type\" content=\"article\" \/>\n<meta property=\"og:title\" content=\"Archiy&#039;maginaire - archiy.fr\" \/>\n<meta property=\"og:description\" content=\"Venez chercher l\u2019inspiration et visitez au fil de nos dessins, les espaces, les d\u00e9cors, nos inspirations, les lieux que nous imaginons. Un projet fictif qui raconte les pi\u00e8ces dans lesquelles nous vivons ; d\u00e9couvrez l&rsquo;Archiy&rsquo;maginaire ! Episode 1. LE VESTIBULE Il est souvent le premier espace que l&rsquo;on d\u00e9couvre en p\u00e9n\u00e9trant dans un b\u00e2timent. C&rsquo;est...\" \/>\n<meta property=\"og:url\" content=\"https:\/\/archiy.fr\/index.php\/archiy-maginaire\/\" \/>\n<meta property=\"og:site_name\" content=\"archiy.fr\" \/>\n<meta property=\"article:publisher\" content=\"https:\/\/www.facebook.com\/atelier.archiy\" \/>\n<meta property=\"article:modified_time\" content=\"2024-04-04T09:27:52+00:00\" \/>\n<meta property=\"og:image\" content=\"https:\/\/archiy.fr\/wp-content\/uploads\/2024\/03\/Archiy-Concept-Vestibule-vue-1-crayon-couleur-vertical-683x1024.jpg\" \/>\n<meta name=\"twitter:card\" content=\"summary_large_image\" \/>\n<meta name=\"twitter:label1\" content=\"Dur\u00e9e de lecture estim\u00e9e\" \/>\n\t<meta name=\"twitter:data1\" content=\"2 minutes\" \/>\n<script type=\"application\/ld+json\" class=\"yoast-schema-graph\">{\"@context\":\"https:\/\/schema.org\",\"@graph\":[{\"@type\":\"WebPage\",\"@id\":\"https:\/\/archiy.fr\/index.php\/archiy-maginaire\/\",\"url\":\"https:\/\/archiy.fr\/index.php\/archiy-maginaire\/\",\"name\":\"Archiy'maginaire - archiy.fr\",\"isPartOf\":{\"@id\":\"https:\/\/archiy.fr\/#website\"},\"primaryImageOfPage\":{\"@id\":\"https:\/\/archiy.fr\/index.php\/archiy-maginaire\/#primaryimage\"},\"image\":{\"@id\":\"https:\/\/archiy.fr\/index.php\/archiy-maginaire\/#primaryimage\"},\"thumbnailUrl\":\"https:\/\/archiy.fr\/wp-content\/uploads\/2024\/03\/Archiy-Concept-Vestibule-vue-1-crayon-couleur-vertical-683x1024.jpg\",\"datePublished\":\"2024-03-26T18:38:25+00:00\",\"dateModified\":\"2024-04-04T09:27:52+00:00\",\"breadcrumb\":{\"@id\":\"https:\/\/archiy.fr\/index.php\/archiy-maginaire\/#breadcrumb\"},\"inLanguage\":\"fr-FR\",\"potentialAction\":[{\"@type\":\"ReadAction\",\"target\":[\"https:\/\/archiy.fr\/index.php\/archiy-maginaire\/\"]}]},{\"@type\":\"ImageObject\",\"inLanguage\":\"fr-FR\",\"@id\":\"https:\/\/archiy.fr\/index.php\/archiy-maginaire\/#primaryimage\",\"url\":\"https:\/\/archiy.fr\/wp-content\/uploads\/2024\/03\/Archiy-Concept-Vestibule-vue-1-crayon-couleur-vertical.jpg\",\"contentUrl\":\"https:\/\/archiy.fr\/wp-content\/uploads\/2024\/03\/Archiy-Concept-Vestibule-vue-1-crayon-couleur-vertical.jpg\",\"width\":1200,\"height\":1800,\"caption\":\"Archiy Concept - Vestibule - vue 1 - crayon - couleur - vertical\"},{\"@type\":\"BreadcrumbList\",\"@id\":\"https:\/\/archiy.fr\/index.php\/archiy-maginaire\/#breadcrumb\",\"itemListElement\":[{\"@type\":\"ListItem\",\"position\":1,\"name\":\"Accueil\",\"item\":\"https:\/\/archiy.fr\/\"},{\"@type\":\"ListItem\",\"position\":2,\"name\":\"Archiy&rsquo;maginaire\"}]},{\"@type\":\"WebSite\",\"@id\":\"https:\/\/archiy.fr\/#website\",\"url\":\"https:\/\/archiy.fr\/\",\"name\":\"archiy.fr\",\"description\":\"Architecte d&#039;int\u00e9rieur, d\u00e9corateur, designer d&#039;int\u00e9rieurs\",\"publisher\":{\"@id\":\"https:\/\/archiy.fr\/#organization\"},\"potentialAction\":[{\"@type\":\"SearchAction\",\"target\":{\"@type\":\"EntryPoint\",\"urlTemplate\":\"https:\/\/archiy.fr\/?s={search_term_string}\"},\"query-input\":\"required name=search_term_string\"}],\"inLanguage\":\"fr-FR\"},{\"@type\":\"Organization\",\"@id\":\"https:\/\/archiy.fr\/#organization\",\"name\":\"Archiy\",\"url\":\"https:\/\/archiy.fr\/\",\"logo\":{\"@type\":\"ImageObject\",\"inLanguage\":\"fr-FR\",\"@id\":\"https:\/\/archiy.fr\/#\/schema\/logo\/image\/\",\"url\":\"https:\/\/archiy.fr\/wp-content\/uploads\/2024\/03\/cropped-Archiy-Logo-1.png\",\"contentUrl\":\"https:\/\/archiy.fr\/wp-content\/uploads\/2024\/03\/cropped-Archiy-Logo-1.png\",\"width\":2168,\"height\":868,\"caption\":\"Archiy\"},\"image\":{\"@id\":\"https:\/\/archiy.fr\/#\/schema\/logo\/image\/\"},\"sameAs\":[\"https:\/\/www.facebook.com\/atelier.archiy\"]}]}<\/script>\n<!-- \/ Yoast SEO plugin. -->","yoast_head_json":{"title":"Archiy'maginaire - archiy.fr","robots":{"index":"index","follow":"follow","max-snippet":"max-snippet:-1","max-image-preview":"max-image-preview:large","max-video-preview":"max-video-preview:-1"},"canonical":"https:\/\/archiy.fr\/index.php\/archiy-maginaire\/","og_locale":"fr_FR","og_type":"article","og_title":"Archiy'maginaire - archiy.fr","og_description":"Venez chercher l\u2019inspiration et visitez au fil de nos dessins, les espaces, les d\u00e9cors, nos inspirations, les lieux que nous imaginons. Un projet fictif qui raconte les pi\u00e8ces dans lesquelles nous vivons ; d\u00e9couvrez l&rsquo;Archiy&rsquo;maginaire ! Episode 1. LE VESTIBULE Il est souvent le premier espace que l&rsquo;on d\u00e9couvre en p\u00e9n\u00e9trant dans un b\u00e2timent. C&rsquo;est...","og_url":"https:\/\/archiy.fr\/index.php\/archiy-maginaire\/","og_site_name":"archiy.fr","article_publisher":"https:\/\/www.facebook.com\/atelier.archiy","article_modified_time":"2024-04-04T09:27:52+00:00","og_image":[{"url":"https:\/\/archiy.fr\/wp-content\/uploads\/2024\/03\/Archiy-Concept-Vestibule-vue-1-crayon-couleur-vertical-683x1024.jpg"}],"twitter_card":"summary_large_image","twitter_misc":{"Dur\u00e9e de lecture estim\u00e9e":"2 minutes"},"schema":{"@context":"https:\/\/schema.org","@graph":[{"@type":"WebPage","@id":"https:\/\/archiy.fr\/index.php\/archiy-maginaire\/","url":"https:\/\/archiy.fr\/index.php\/archiy-maginaire\/","name":"Archiy'maginaire - archiy.fr","isPartOf":{"@id":"https:\/\/archiy.fr\/#website"},"primaryImageOfPage":{"@id":"https:\/\/archiy.fr\/index.php\/archiy-maginaire\/#primaryimage"},"image":{"@id":"https:\/\/archiy.fr\/index.php\/archiy-maginaire\/#primaryimage"},"thumbnailUrl":"https:\/\/archiy.fr\/wp-content\/uploads\/2024\/03\/Archiy-Concept-Vestibule-vue-1-crayon-couleur-vertical-683x1024.jpg","datePublished":"2024-03-26T18:38:25+00:00","dateModified":"2024-04-04T09:27:52+00:00","breadcrumb":{"@id":"https:\/\/archiy.fr\/index.php\/archiy-maginaire\/#breadcrumb"},"inLanguage":"fr-FR","potentialAction":[{"@type":"ReadAction","target":["https:\/\/archiy.fr\/index.php\/archiy-maginaire\/"]}]},{"@type":"ImageObject","inLanguage":"fr-FR","@id":"https:\/\/archiy.fr\/index.php\/archiy-maginaire\/#primaryimage","url":"https:\/\/archiy.fr\/wp-content\/uploads\/2024\/03\/Archiy-Concept-Vestibule-vue-1-crayon-couleur-vertical.jpg","contentUrl":"https:\/\/archiy.fr\/wp-content\/uploads\/2024\/03\/Archiy-Concept-Vestibule-vue-1-crayon-couleur-vertical.jpg","width":1200,"height":1800,"caption":"Archiy Concept - Vestibule - vue 1 - crayon - couleur - vertical"},{"@type":"BreadcrumbList","@id":"https:\/\/archiy.fr\/index.php\/archiy-maginaire\/#breadcrumb","itemListElement":[{"@type":"ListItem","position":1,"name":"Accueil","item":"https:\/\/archiy.fr\/"},{"@type":"ListItem","position":2,"name":"Archiy&rsquo;maginaire"}]},{"@type":"WebSite","@id":"https:\/\/archiy.fr\/#website","url":"https:\/\/archiy.fr\/","name":"archiy.fr","description":"Architecte d&#039;int\u00e9rieur, d\u00e9corateur, designer d&#039;int\u00e9rieurs","publisher":{"@id":"https:\/\/archiy.fr\/#organization"},"potentialAction":[{"@type":"SearchAction","target":{"@type":"EntryPoint","urlTemplate":"https:\/\/archiy.fr\/?s={search_term_string}"},"query-input":"required name=search_term_string"}],"inLanguage":"fr-FR"},{"@type":"Organization","@id":"https:\/\/archiy.fr\/#organization","name":"Archiy","url":"https:\/\/archiy.fr\/","logo":{"@type":"ImageObject","inLanguage":"fr-FR","@id":"https:\/\/archiy.fr\/#\/schema\/logo\/image\/","url":"https:\/\/archiy.fr\/wp-content\/uploads\/2024\/03\/cropped-Archiy-Logo-1.png","contentUrl":"https:\/\/archiy.fr\/wp-content\/uploads\/2024\/03\/cropped-Archiy-Logo-1.png","width":2168,"height":868,"caption":"Archiy"},"image":{"@id":"https:\/\/archiy.fr\/#\/schema\/logo\/image\/"},"sameAs":["https:\/\/www.facebook.com\/atelier.archiy"]}]}},"_links":{"self":[{"href":"https:\/\/archiy.fr\/index.php\/wp-json\/wp\/v2\/pages\/11"}],"collection":[{"href":"https:\/\/archiy.fr\/index.php\/wp-json\/wp\/v2\/pages"}],"about":[{"href":"https:\/\/archiy.fr\/index.php\/wp-json\/wp\/v2\/types\/page"}],"author":[{"embeddable":true,"href":"https:\/\/archiy.fr\/index.php\/wp-json\/wp\/v2\/users\/1"}],"replies":[{"embeddable":true,"href":"https:\/\/archiy.fr\/index.php\/wp-json\/wp\/v2\/comments?post=11"}],"version-history":[{"count":31,"href":"https:\/\/archiy.fr\/index.php\/wp-json\/wp\/v2\/pages\/11\/revisions"}],"predecessor-version":[{"id":975,"href":"https:\/\/archiy.fr\/index.php\/wp-json\/wp\/v2\/pages\/11\/revisions\/975"}],"wp:attachment":[{"href":"https:\/\/archiy.fr\/index.php\/wp-json\/wp\/v2\/media?parent=11"}],"curies":[{"name":"wp","href":"https:\/\/api.w.org\/{rel}","templated":true}]}}