{"id":1137,"date":"2024-05-15T20:01:48","date_gmt":"2024-05-15T18:01:48","guid":{"rendered":"https:\/\/archiy.fr\/?page_id=1137"},"modified":"2024-05-17T16:06:57","modified_gmt":"2024-05-17T14:06:57","slug":"particuliers-archi-moe","status":"publish","type":"page","link":"https:\/\/archiy.fr\/index.php\/particuliers-archi-moe\/","title":{"rendered":"Particuliers, Archi, MOE"},"content":{"rendered":"\n<p><strong>Conception<\/strong> :<\/p>\n\n\n\n<ul>\n<li>Relev\u00e9 de site et documentation existante.<\/li>\n\n\n\n<li>\u00c9laboration de plans, dessins et esquisses initiaux.<\/li>\n\n\n\n<li>\u00c9tudes de faisabilit\u00e9.<\/li>\n\n\n\n<li>Aide \u00e0 la constitution des avant-projets sommaires (APS) et des avant-projets d\u00e9taill\u00e9s (APD).<\/li>\n\n\n\n<li>Assistance \u00e0 la programmation architecturale.<\/li>\n<\/ul>\n\n\n<style>.wp-block-kadence-advancedbtn.kb-btns1137_449aa3-53{gap:var(--global-kb-gap-xs, 0.5rem );justify-content:flex-start;align-items:center;}.kt-btns1137_449aa3-53 .kt-button{font-weight:normal;font-style:normal;}.kt-btns1137_449aa3-53 .kt-btn-wrap-0{margin-right:5px;}.wp-block-kadence-advancedbtn.kt-btns1137_449aa3-53 .kt-btn-wrap-0 .kt-button{color:#555555;border-color:#555555;}.wp-block-kadence-advancedbtn.kt-btns1137_449aa3-53 .kt-btn-wrap-0 .kt-button:hover, .wp-block-kadence-advancedbtn.kt-btns1137_449aa3-53 .kt-btn-wrap-0 .kt-button:focus{color:#ffffff;border-color:#444444;}.wp-block-kadence-advancedbtn.kt-btns1137_449aa3-53 .kt-btn-wrap-0 .kt-button::before{display:none;}.wp-block-kadence-advancedbtn.kt-btns1137_449aa3-53 .kt-btn-wrap-0 .kt-button:hover, .wp-block-kadence-advancedbtn.kt-btns1137_449aa3-53 .kt-btn-wrap-0 .kt-button:focus{background:#444444;}<\/style>\n<div class=\"wp-block-kadence-advancedbtn kb-buttons-wrap kb-btns1137_449aa3-53\"><style>ul.menu .wp-block-kadence-advancedbtn .kb-btn1137_9cfc63-07.kb-button{width:initial;}<\/style><a class=\"kb-button kt-button button kb-btn1137_9cfc63-07 kt-btn-size-small kt-btn-width-type-auto kb-btn-global-fill kt-btn-has-text-true kt-btn-has-svg-false wp-block-kadence-singlebtn\" href=\"https:\/\/archiy.fr\/index.php\/assistance-a-la-conception\/\"><span class=\"kt-btn-inner-text\">En savoir +<\/span><\/a><\/div>\n\n\n\n<p><\/p>\n\n\n\n<p><\/p>\n\n\n\n<p><strong>Pr\u00e9paration de la Consultation des Entreprises (DCE)<\/strong> :<\/p>\n\n\n\n<ul>\n<li>\u00c9laboration des dossiers de consultation des entreprises.<\/li>\n\n\n\n<li>Aide \u00e0 la constitution des cahiers des charges techniques et des pi\u00e8ces administratives.<\/li>\n\n\n\n<li>Assistance dans la s\u00e9lection des entreprises.<\/li>\n<\/ul>\n\n\n<style>.wp-block-kadence-advancedbtn.kb-btns1137_c392af-03{gap:var(--global-kb-gap-xs, 0.5rem );justify-content:flex-start;align-items:center;}.kt-btns1137_c392af-03 .kt-button{font-weight:normal;font-style:normal;}.kt-btns1137_c392af-03 .kt-btn-wrap-0{margin-right:5px;}.wp-block-kadence-advancedbtn.kt-btns1137_c392af-03 .kt-btn-wrap-0 .kt-button{color:#555555;border-color:#555555;}.wp-block-kadence-advancedbtn.kt-btns1137_c392af-03 .kt-btn-wrap-0 .kt-button:hover, .wp-block-kadence-advancedbtn.kt-btns1137_c392af-03 .kt-btn-wrap-0 .kt-button:focus{color:#ffffff;border-color:#444444;}.wp-block-kadence-advancedbtn.kt-btns1137_c392af-03 .kt-btn-wrap-0 .kt-button::before{display:none;}.wp-block-kadence-advancedbtn.kt-btns1137_c392af-03 .kt-btn-wrap-0 .kt-button:hover, .wp-block-kadence-advancedbtn.kt-btns1137_c392af-03 .kt-btn-wrap-0 .kt-button:focus{background:#444444;}<\/style>\n<div class=\"wp-block-kadence-advancedbtn kb-buttons-wrap kb-btns1137_c392af-03\"><style>ul.menu .wp-block-kadence-advancedbtn .kb-btn1137_b6d8a3-c0.kb-button{width:initial;}<\/style><a class=\"kb-button kt-button button kb-btn1137_b6d8a3-c0 kt-btn-size-small kt-btn-width-type-auto kb-btn-global-fill kt-btn-has-text-true kt-btn-has-svg-false wp-block-kadence-singlebtn\" href=\"https:\/\/archiy.fr\/index.php\/preparation-de-la-consultation-des-entreprises-dce\/\"><span class=\"kt-btn-inner-text\">En savoir +<\/span><\/a><\/div>\n\n\n\n<p><\/p>\n\n\n\n<p><\/p>\n\n\n\n<p><strong>Appui \u00e0 la Passation des March\u00e9s<\/strong> :<\/p>\n\n\n\n<ul>\n<li>Gestion des appels d&rsquo;offres.<\/li>\n\n\n\n<li>Aide \u00e0 la s\u00e9lection des entreprises.<\/li>\n\n\n\n<li>Assistance dans la n\u00e9gociation des contrats.<\/li>\n<\/ul>\n\n\n<style>.wp-block-kadence-advancedbtn.kb-btns1137_554472-22{gap:var(--global-kb-gap-xs, 0.5rem );justify-content:flex-start;align-items:center;}.kt-btns1137_554472-22 .kt-button{font-weight:normal;font-style:normal;}.kt-btns1137_554472-22 .kt-btn-wrap-0{margin-right:5px;}.wp-block-kadence-advancedbtn.kt-btns1137_554472-22 .kt-btn-wrap-0 .kt-button{color:#555555;border-color:#555555;}.wp-block-kadence-advancedbtn.kt-btns1137_554472-22 .kt-btn-wrap-0 .kt-button:hover, .wp-block-kadence-advancedbtn.kt-btns1137_554472-22 .kt-btn-wrap-0 .kt-button:focus{color:#ffffff;border-color:#444444;}.wp-block-kadence-advancedbtn.kt-btns1137_554472-22 .kt-btn-wrap-0 .kt-button::before{display:none;}.wp-block-kadence-advancedbtn.kt-btns1137_554472-22 .kt-btn-wrap-0 .kt-button:hover, .wp-block-kadence-advancedbtn.kt-btns1137_554472-22 .kt-btn-wrap-0 .kt-button:focus{background:#444444;}<\/style>\n<div class=\"wp-block-kadence-advancedbtn kb-buttons-wrap kb-btns1137_554472-22\"><style>ul.menu .wp-block-kadence-advancedbtn .kb-btn1137_afbc9b-67.kb-button{width:initial;}<\/style><a class=\"kb-button kt-button button kb-btn1137_afbc9b-67 kt-btn-size-small kt-btn-width-type-auto kb-btn-global-fill kt-btn-has-text-true kt-btn-has-svg-false wp-block-kadence-singlebtn\" href=\"https:\/\/archiy.fr\/index.php\/passation-des-marches\/\"><span class=\"kt-btn-inner-text\">En savoir +<\/span><\/a><\/div>\n\n\n\n<p><\/p>\n\n\n\n<p><\/p>\n\n\n\n<p><strong>Pilotage et Coordination des Travaux<\/strong> :<\/p>\n\n\n\n<ul>\n<li>Planification des travaux.<\/li>\n\n\n\n<li>Coordination des diff\u00e9rents intervenants.<\/li>\n\n\n\n<li>Contr\u00f4le de la mise en \u0153uvre.<\/li>\n\n\n\n<li>Gestion des r\u00e9unions de chantier et des comptes rendus.<\/li>\n\n\n\n<li>Suivi des \u00e9ch\u00e9anciers et des budgets.<\/li>\n<\/ul>\n\n\n<style>.wp-block-kadence-advancedbtn.kb-btns1137_e16e67-bd{gap:var(--global-kb-gap-xs, 0.5rem );justify-content:flex-start;align-items:center;}.kt-btns1137_e16e67-bd .kt-button{font-weight:normal;font-style:normal;}.kt-btns1137_e16e67-bd .kt-btn-wrap-0{margin-right:5px;}.wp-block-kadence-advancedbtn.kt-btns1137_e16e67-bd .kt-btn-wrap-0 .kt-button{color:#555555;border-color:#555555;}.wp-block-kadence-advancedbtn.kt-btns1137_e16e67-bd .kt-btn-wrap-0 .kt-button:hover, .wp-block-kadence-advancedbtn.kt-btns1137_e16e67-bd .kt-btn-wrap-0 .kt-button:focus{color:#ffffff;border-color:#444444;}.wp-block-kadence-advancedbtn.kt-btns1137_e16e67-bd .kt-btn-wrap-0 .kt-button::before{display:none;}.wp-block-kadence-advancedbtn.kt-btns1137_e16e67-bd .kt-btn-wrap-0 .kt-button:hover, .wp-block-kadence-advancedbtn.kt-btns1137_e16e67-bd .kt-btn-wrap-0 .kt-button:focus{background:#444444;}<\/style>\n<div class=\"wp-block-kadence-advancedbtn kb-buttons-wrap kb-btns1137_e16e67-bd\"><style>ul.menu .wp-block-kadence-advancedbtn .kb-btn1137_e4b254-3f.kb-button{width:initial;}<\/style><a class=\"kb-button kt-button button kb-btn1137_e4b254-3f kt-btn-size-small kt-btn-width-type-auto kb-btn-global-fill kt-btn-has-text-true kt-btn-has-svg-false wp-block-kadence-singlebtn\" href=\"https:\/\/archiy.fr\/index.php\/pilotage-et-coordination-des-travaux\/\"><span class=\"kt-btn-inner-text\">En savoir +<\/span><\/a><\/div>\n\n\n\n<p><\/p>\n\n\n\n<p><\/p>\n\n\n\n<p><strong>Contr\u00f4le Qualit\u00e9 et R\u00e9ception des Travaux<\/strong> :<\/p>\n\n\n\n<ul>\n<li>Contr\u00f4le de conformit\u00e9.<\/li>\n\n\n\n<li>Lev\u00e9e des r\u00e9serves.<\/li>\n\n\n\n<li>Coordination des op\u00e9rations pr\u00e9alables \u00e0 la r\u00e9ception (OPR).<\/li>\n\n\n\n<li>\u00c9laboration des plans de recollement<\/li>\n<\/ul>\n\n\n<style>.wp-block-kadence-advancedbtn.kb-btns1137_20f530-dd{gap:var(--global-kb-gap-xs, 0.5rem );justify-content:flex-start;align-items:center;}.kt-btns1137_20f530-dd .kt-button{font-weight:normal;font-style:normal;}.kt-btns1137_20f530-dd .kt-btn-wrap-0{margin-right:5px;}.wp-block-kadence-advancedbtn.kt-btns1137_20f530-dd .kt-btn-wrap-0 .kt-button{color:#555555;border-color:#555555;}.wp-block-kadence-advancedbtn.kt-btns1137_20f530-dd .kt-btn-wrap-0 .kt-button:hover, .wp-block-kadence-advancedbtn.kt-btns1137_20f530-dd .kt-btn-wrap-0 .kt-button:focus{color:#ffffff;border-color:#444444;}.wp-block-kadence-advancedbtn.kt-btns1137_20f530-dd .kt-btn-wrap-0 .kt-button::before{display:none;}.wp-block-kadence-advancedbtn.kt-btns1137_20f530-dd .kt-btn-wrap-0 .kt-button:hover, .wp-block-kadence-advancedbtn.kt-btns1137_20f530-dd .kt-btn-wrap-0 .kt-button:focus{background:#444444;}<\/style>\n<div class=\"wp-block-kadence-advancedbtn kb-buttons-wrap kb-btns1137_20f530-dd\"><style>ul.menu .wp-block-kadence-advancedbtn .kb-btn1137_d2fbfc-59.kb-button{width:initial;}<\/style><a class=\"kb-button kt-button button kb-btn1137_d2fbfc-59 kt-btn-size-small kt-btn-width-type-auto kb-btn-global-fill kt-btn-has-text-true kt-btn-has-svg-false wp-block-kadence-singlebtn\" href=\"https:\/\/archiy.fr\/index.php\/controle-qualite-et-reception-des-travaux\/\"><span class=\"kt-btn-inner-text\">En savoir +<\/span><\/a><\/div>\n\n\n\n<p><\/p>\n\n\n\n<p><\/p>\n\n\n<style>.wp-block-kadence-spacer.kt-block-spacer-1137_5620ac-27 .kt-block-spacer{height:60px;}.wp-block-kadence-spacer.kt-block-spacer-1137_5620ac-27 .kt-divider{border-top-width:1px;height:1px;border-top-color:#eee;width:80%;border-top-style:solid;}<\/style>\n<div class=\"wp-block-kadence-spacer aligncenter kt-block-spacer-1137_5620ac-27\"><div class=\"kt-block-spacer kt-block-spacer-halign-center\"><hr class=\"kt-divider\"\/><\/div><\/div>\n\n\n<style>.wp-block-kadence-advancedbtn.kb-btns1137_5da9d6-74{gap:var(--global-kb-gap-xs, 0.5rem );justify-content:center;align-items:center;}.kt-btns1137_5da9d6-74 .kt-button{font-weight:normal;font-style:normal;}.kt-btns1137_5da9d6-74 .kt-btn-wrap-0{margin-right:5px;}.wp-block-kadence-advancedbtn.kt-btns1137_5da9d6-74 .kt-btn-wrap-0 .kt-button{color:#555555;border-color:#555555;}.wp-block-kadence-advancedbtn.kt-btns1137_5da9d6-74 .kt-btn-wrap-0 .kt-button:hover, .wp-block-kadence-advancedbtn.kt-btns1137_5da9d6-74 .kt-btn-wrap-0 .kt-button:focus{color:#ffffff;border-color:#444444;}.wp-block-kadence-advancedbtn.kt-btns1137_5da9d6-74 .kt-btn-wrap-0 .kt-button::before{display:none;}.wp-block-kadence-advancedbtn.kt-btns1137_5da9d6-74 .kt-btn-wrap-0 .kt-button:hover, .wp-block-kadence-advancedbtn.kt-btns1137_5da9d6-74 .kt-btn-wrap-0 .kt-button:focus{background:#444444;}<\/style>\n<div class=\"wp-block-kadence-advancedbtn kb-buttons-wrap kb-btns1137_5da9d6-74\"><style>.wp-block-kadence-advancedbtn .kb-btn1137_97443d-56.kb-button, ul.menu .wp-block-kadence-advancedbtn .kb-btn1137_97443d-56.kb-button{width:250px;}<\/style><a class=\"kb-button kt-button button kb-btn1137_97443d-56 kt-btn-size-small kt-btn-width-type-fixed kb-btn-global-fill kt-btn-has-text-true kt-btn-has-svg-false wp-block-kadence-singlebtn\" href=\"https:\/\/archiy.fr\/index.php\/contact\/\"><span class=\"kt-btn-inner-text\"><strong>CONTACT<\/strong><\/span><\/a><\/div>\n\n\n\n<p><\/p>\n","protected":false},"excerpt":{"rendered":"<p>Conception : Pr\u00e9paration de la Consultation des Entreprises (DCE) : Appui \u00e0 la Passation des March\u00e9s : Pilotage et Coordination des Travaux : Contr\u00f4le Qualit\u00e9 et R\u00e9ception des Travaux :<\/p>\n","protected":false},"author":1,"featured_media":0,"parent":0,"menu_order":0,"comment_status":"closed","ping_status":"closed","template":"","meta":{"_kad_post_transparent":"","_kad_post_title":"","_kad_post_layout":"","_kad_post_sidebar_id":"","_kad_post_content_style":"","_kad_post_vertical_padding":"","_kad_post_feature":"","_kad_post_feature_position":"","_kad_post_header":false,"_kad_post_footer":false,"footnotes":""},"yoast_head":"<!-- This site is optimized with the Yoast SEO plugin v22.7 - https:\/\/yoast.com\/wordpress\/plugins\/seo\/ -->\n<title>Particuliers, Archi, MOE - archiy.fr<\/title>\n<meta name=\"robots\" content=\"index, follow, max-snippet:-1, max-image-preview:large, max-video-preview:-1\" \/>\n<link rel=\"canonical\" href=\"https:\/\/archiy.fr\/index.php\/particuliers-archi-moe\/\" \/>\n<meta property=\"og:locale\" content=\"fr_FR\" \/>\n<meta property=\"og:type\" content=\"article\" \/>\n<meta property=\"og:title\" content=\"Particuliers, Archi, MOE - archiy.fr\" \/>\n<meta property=\"og:description\" content=\"Conception : Pr\u00e9paration de la Consultation des Entreprises (DCE) : Appui \u00e0 la Passation des March\u00e9s : Pilotage et Coordination des Travaux : Contr\u00f4le Qualit\u00e9 et R\u00e9ception des Travaux :\" \/>\n<meta property=\"og:url\" content=\"https:\/\/archiy.fr\/index.php\/particuliers-archi-moe\/\" \/>\n<meta property=\"og:site_name\" content=\"archiy.fr\" \/>\n<meta property=\"article:publisher\" content=\"https:\/\/www.facebook.com\/atelier.archiy\" \/>\n<meta property=\"article:modified_time\" content=\"2024-05-17T14:06:57+00:00\" \/>\n<meta name=\"twitter:card\" content=\"summary_large_image\" \/>\n<meta name=\"twitter:label1\" content=\"Dur\u00e9e de lecture estim\u00e9e\" \/>\n\t<meta name=\"twitter:data1\" content=\"1 minute\" \/>\n<script type=\"application\/ld+json\" class=\"yoast-schema-graph\">{\"@context\":\"https:\/\/schema.org\",\"@graph\":[{\"@type\":\"WebPage\",\"@id\":\"https:\/\/archiy.fr\/index.php\/particuliers-archi-moe\/\",\"url\":\"https:\/\/archiy.fr\/index.php\/particuliers-archi-moe\/\",\"name\":\"Particuliers, Archi, MOE - archiy.fr\",\"isPartOf\":{\"@id\":\"https:\/\/archiy.fr\/#website\"},\"datePublished\":\"2024-05-15T18:01:48+00:00\",\"dateModified\":\"2024-05-17T14:06:57+00:00\",\"breadcrumb\":{\"@id\":\"https:\/\/archiy.fr\/index.php\/particuliers-archi-moe\/#breadcrumb\"},\"inLanguage\":\"fr-FR\",\"potentialAction\":[{\"@type\":\"ReadAction\",\"target\":[\"https:\/\/archiy.fr\/index.php\/particuliers-archi-moe\/\"]}]},{\"@type\":\"BreadcrumbList\",\"@id\":\"https:\/\/archiy.fr\/index.php\/particuliers-archi-moe\/#breadcrumb\",\"itemListElement\":[{\"@type\":\"ListItem\",\"position\":1,\"name\":\"Accueil\",\"item\":\"https:\/\/archiy.fr\/\"},{\"@type\":\"ListItem\",\"position\":2,\"name\":\"Particuliers, Archi, MOE\"}]},{\"@type\":\"WebSite\",\"@id\":\"https:\/\/archiy.fr\/#website\",\"url\":\"https:\/\/archiy.fr\/\",\"name\":\"archiy.fr\",\"description\":\"Architecte d&#039;int\u00e9rieur, d\u00e9corateur, designer d&#039;int\u00e9rieurs\",\"publisher\":{\"@id\":\"https:\/\/archiy.fr\/#organization\"},\"potentialAction\":[{\"@type\":\"SearchAction\",\"target\":{\"@type\":\"EntryPoint\",\"urlTemplate\":\"https:\/\/archiy.fr\/?s={search_term_string}\"},\"query-input\":\"required name=search_term_string\"}],\"inLanguage\":\"fr-FR\"},{\"@type\":\"Organization\",\"@id\":\"https:\/\/archiy.fr\/#organization\",\"name\":\"Archiy\",\"url\":\"https:\/\/archiy.fr\/\",\"logo\":{\"@type\":\"ImageObject\",\"inLanguage\":\"fr-FR\",\"@id\":\"https:\/\/archiy.fr\/#\/schema\/logo\/image\/\",\"url\":\"https:\/\/archiy.fr\/wp-content\/uploads\/2024\/03\/cropped-Archiy-Logo-1.png\",\"contentUrl\":\"https:\/\/archiy.fr\/wp-content\/uploads\/2024\/03\/cropped-Archiy-Logo-1.png\",\"width\":2168,\"height\":868,\"caption\":\"Archiy\"},\"image\":{\"@id\":\"https:\/\/archiy.fr\/#\/schema\/logo\/image\/\"},\"sameAs\":[\"https:\/\/www.facebook.com\/atelier.archiy\"]}]}<\/script>\n<!-- \/ Yoast SEO plugin. -->","yoast_head_json":{"title":"Particuliers, Archi, MOE - archiy.fr","robots":{"index":"index","follow":"follow","max-snippet":"max-snippet:-1","max-image-preview":"max-image-preview:large","max-video-preview":"max-video-preview:-1"},"canonical":"https:\/\/archiy.fr\/index.php\/particuliers-archi-moe\/","og_locale":"fr_FR","og_type":"article","og_title":"Particuliers, Archi, MOE - archiy.fr","og_description":"Conception : Pr\u00e9paration de la Consultation des Entreprises (DCE) : Appui \u00e0 la Passation des March\u00e9s : Pilotage et Coordination des Travaux : Contr\u00f4le Qualit\u00e9 et R\u00e9ception des Travaux :","og_url":"https:\/\/archiy.fr\/index.php\/particuliers-archi-moe\/","og_site_name":"archiy.fr","article_publisher":"https:\/\/www.facebook.com\/atelier.archiy","article_modified_time":"2024-05-17T14:06:57+00:00","twitter_card":"summary_large_image","twitter_misc":{"Dur\u00e9e de lecture estim\u00e9e":"1 minute"},"schema":{"@context":"https:\/\/schema.org","@graph":[{"@type":"WebPage","@id":"https:\/\/archiy.fr\/index.php\/particuliers-archi-moe\/","url":"https:\/\/archiy.fr\/index.php\/particuliers-archi-moe\/","name":"Particuliers, Archi, MOE - archiy.fr","isPartOf":{"@id":"https:\/\/archiy.fr\/#website"},"datePublished":"2024-05-15T18:01:48+00:00","dateModified":"2024-05-17T14:06:57+00:00","breadcrumb":{"@id":"https:\/\/archiy.fr\/index.php\/particuliers-archi-moe\/#breadcrumb"},"inLanguage":"fr-FR","potentialAction":[{"@type":"ReadAction","target":["https:\/\/archiy.fr\/index.php\/particuliers-archi-moe\/"]}]},{"@type":"BreadcrumbList","@id":"https:\/\/archiy.fr\/index.php\/particuliers-archi-moe\/#breadcrumb","itemListElement":[{"@type":"ListItem","position":1,"name":"Accueil","item":"https:\/\/archiy.fr\/"},{"@type":"ListItem","position":2,"name":"Particuliers, Archi, MOE"}]},{"@type":"WebSite","@id":"https:\/\/archiy.fr\/#website","url":"https:\/\/archiy.fr\/","name":"archiy.fr","description":"Architecte d&#039;int\u00e9rieur, d\u00e9corateur, designer d&#039;int\u00e9rieurs","publisher":{"@id":"https:\/\/archiy.fr\/#organization"},"potentialAction":[{"@type":"SearchAction","target":{"@type":"EntryPoint","urlTemplate":"https:\/\/archiy.fr\/?s={search_term_string}"},"query-input":"required name=search_term_string"}],"inLanguage":"fr-FR"},{"@type":"Organization","@id":"https:\/\/archiy.fr\/#organization","name":"Archiy","url":"https:\/\/archiy.fr\/","logo":{"@type":"ImageObject","inLanguage":"fr-FR","@id":"https:\/\/archiy.fr\/#\/schema\/logo\/image\/","url":"https:\/\/archiy.fr\/wp-content\/uploads\/2024\/03\/cropped-Archiy-Logo-1.png","contentUrl":"https:\/\/archiy.fr\/wp-content\/uploads\/2024\/03\/cropped-Archiy-Logo-1.png","width":2168,"height":868,"caption":"Archiy"},"image":{"@id":"https:\/\/archiy.fr\/#\/schema\/logo\/image\/"},"sameAs":["https:\/\/www.facebook.com\/atelier.archiy"]}]}},"_links":{"self":[{"href":"https:\/\/archiy.fr\/index.php\/wp-json\/wp\/v2\/pages\/1137"}],"collection":[{"href":"https:\/\/archiy.fr\/index.php\/wp-json\/wp\/v2\/pages"}],"about":[{"href":"https:\/\/archiy.fr\/index.php\/wp-json\/wp\/v2\/types\/page"}],"author":[{"embeddable":true,"href":"https:\/\/archiy.fr\/index.php\/wp-json\/wp\/v2\/users\/1"}],"replies":[{"embeddable":true,"href":"https:\/\/archiy.fr\/index.php\/wp-json\/wp\/v2\/comments?post=1137"}],"version-history":[{"count":18,"href":"https:\/\/archiy.fr\/index.php\/wp-json\/wp\/v2\/pages\/1137\/revisions"}],"predecessor-version":[{"id":1244,"href":"https:\/\/archiy.fr\/index.php\/wp-json\/wp\/v2\/pages\/1137\/revisions\/1244"}],"wp:attachment":[{"href":"https:\/\/archiy.fr\/index.php\/wp-json\/wp\/v2\/media?parent=1137"}],"curies":[{"name":"wp","href":"https:\/\/api.w.org\/{rel}","templated":true}]}}