{"id":1143,"date":"2024-05-15T21:46:26","date_gmt":"2024-05-15T19:46:26","guid":{"rendered":"https:\/\/archiy.fr\/?page_id=1143"},"modified":"2024-05-15T22:21:43","modified_gmt":"2024-05-15T20:21:43","slug":"assistance-a-la-conception","status":"publish","type":"page","link":"https:\/\/archiy.fr\/index.php\/assistance-a-la-conception\/","title":{"rendered":"Assistance \u00e0 la Conception\u00a0:"},"content":{"rendered":"\n<h2 class=\"wp-block-heading\">Assistance \u00e0 la Conception :<\/h2>\n\n\n\n<p><\/p>\n\n\n\n<p><strong>1. Relev\u00e9 de site et documentation existante :<\/strong><\/p>\n\n\n\n<ul>\n<li>Relev\u00e9 d\u00e9taill\u00e9 du site, y compris les mesures et les infrastructures existantes.<\/li>\n\n\n\n<li>Documentation des contraintes environnementales et r\u00e9glementaires du site.<\/li>\n\n\n\n<li>Compilation des informations pertinentes dans un rapport de relev\u00e9.<\/li>\n<\/ul>\n\n\n\n<p><strong>2. \u00c9laboration de plans, dessins et esquisses initiaux :<\/strong><\/p>\n\n\n\n<ul>\n<li>Cr\u00e9ation des plans initiaux bas\u00e9s sur les donn\u00e9es du relev\u00e9 de site et les exigences du client.<\/li>\n\n\n\n<li>D\u00e9veloppement des esquisses et des concepts pr\u00e9liminaires pour explorer diff\u00e9rentes options de conception.<\/li>\n\n\n\n<li>Production des dessins sch\u00e9matiques pour illustrer les id\u00e9es de conception.<\/li>\n<\/ul>\n\n\n\n<p><strong>3. \u00c9tudes de faisabilit\u00e9 :<\/strong><\/p>\n\n\n\n<ul>\n<li>Analyses techniques pour \u00e9valuer la faisabilit\u00e9 du projet.<\/li>\n\n\n\n<li>\u00c9valuation des conditions du terrain.<\/li>\n\n\n\n<li>Examiner les contraintes urbaines et r\u00e9glementaires pour s&rsquo;assurer que le projet est conforme aux normes locales.<\/li>\n<\/ul>\n\n\n\n<p><strong>4. Aide \u00e0 la constitution des avant-projets sommaires (APS) et des avant-projets d\u00e9taill\u00e9s (APD) :<\/strong><\/p>\n\n\n\n<ul>\n<li>D\u00e9veloppement des avant-projets sommaires pour pr\u00e9senter les grandes lignes du projet.<\/li>\n\n\n\n<li>Affiner les APS en cr\u00e9ant des avant-projets d\u00e9taill\u00e9s avec des plans, des coupes et des \u00e9l\u00e9vations plus pr\u00e9cis.<\/li>\n\n\n\n<li>Pr\u00e9parer des documents visuels et des pr\u00e9sentations pour expliquer les concepts de conception au client.<\/li>\n<\/ul>\n\n\n\n<p><strong>5. Assistance \u00e0 la programmation architecturale :<\/strong><\/p>\n\n\n\n<ul>\n<li>Collaborer avec le client pour d\u00e9finir les objectifs du projet et les besoins fonctionnels.<\/li>\n\n\n\n<li>Traduire les exigences du client en une programmation architecturale claire.<\/li>\n\n\n\n<li>D\u00e9velopper des concepts architecturaux en fonction de la programmation \u00e9tablie.<\/li>\n<\/ul>\n\n\n<style>.wp-block-kadence-spacer.kt-block-spacer-1143_dabf45-8f .kt-block-spacer{height:70px;}.wp-block-kadence-spacer.kt-block-spacer-1143_dabf45-8f .kt-divider{border-top-width:1px;height:1px;border-top-color:#eee;width:80%;border-top-style:solid;}<\/style>\n<div class=\"wp-block-kadence-spacer aligncenter kt-block-spacer-1143_dabf45-8f\"><div class=\"kt-block-spacer kt-block-spacer-halign-center\"><hr class=\"kt-divider\"\/><\/div><\/div>\n\n\n<style>.wp-block-kadence-advancedbtn.kb-btns1143_46028f-ed{gap:var(--global-kb-gap-xs, 0.5rem );justify-content:center;align-items:center;}.kt-btns1143_46028f-ed .kt-button{font-weight:normal;font-style:normal;}.kt-btns1143_46028f-ed .kt-btn-wrap-0{margin-right:5px;}.wp-block-kadence-advancedbtn.kt-btns1143_46028f-ed .kt-btn-wrap-0 .kt-button{color:#555555;border-color:#555555;}.wp-block-kadence-advancedbtn.kt-btns1143_46028f-ed .kt-btn-wrap-0 .kt-button:hover, .wp-block-kadence-advancedbtn.kt-btns1143_46028f-ed .kt-btn-wrap-0 .kt-button:focus{color:#ffffff;border-color:#444444;}.wp-block-kadence-advancedbtn.kt-btns1143_46028f-ed .kt-btn-wrap-0 .kt-button::before{display:none;}.wp-block-kadence-advancedbtn.kt-btns1143_46028f-ed .kt-btn-wrap-0 .kt-button:hover, .wp-block-kadence-advancedbtn.kt-btns1143_46028f-ed .kt-btn-wrap-0 .kt-button:focus{background:#444444;}<\/style>\n<div class=\"wp-block-kadence-advancedbtn kb-buttons-wrap kb-btns1143_46028f-ed\"><style>.wp-block-kadence-advancedbtn .kb-btn1143_3c21cf-5d.kb-button, ul.menu .wp-block-kadence-advancedbtn .kb-btn1143_3c21cf-5d.kb-button{width:200px;}<\/style><span class=\"kb-button kt-button button kb-btn1143_3c21cf-5d kt-btn-size-small kt-btn-width-type-fixed kb-btn-global-fill kt-btn-has-text-true kt-btn-has-svg-false wp-block-kadence-singlebtn\"><span class=\"kt-btn-inner-text\"><strong>CONTACT<\/strong><\/span><\/span><\/div>\n\n\n\n<p><\/p>\n","protected":false},"excerpt":{"rendered":"<p>Assistance \u00e0 la Conception : 1. Relev\u00e9 de site et documentation existante : 2. \u00c9laboration de plans, dessins et esquisses initiaux : 3. \u00c9tudes de faisabilit\u00e9 : 4. Aide \u00e0 la constitution des avant-projets sommaires (APS) et des avant-projets d\u00e9taill\u00e9s (APD) : 5. Assistance \u00e0 la programmation architecturale :<\/p>\n","protected":false},"author":1,"featured_media":0,"parent":0,"menu_order":0,"comment_status":"closed","ping_status":"closed","template":"","meta":{"_kad_post_transparent":"","_kad_post_title":"","_kad_post_layout":"","_kad_post_sidebar_id":"","_kad_post_content_style":"","_kad_post_vertical_padding":"","_kad_post_feature":"","_kad_post_feature_position":"","_kad_post_header":false,"_kad_post_footer":false,"footnotes":""},"yoast_head":"<!-- This site is optimized with the Yoast SEO plugin v22.7 - https:\/\/yoast.com\/wordpress\/plugins\/seo\/ -->\n<title>Assistance \u00e0 la Conception\u00a0: - archiy.fr<\/title>\n<meta name=\"description\" content=\"\u2022 Relev\u00e9 de site et documentation existante \u2022 \u00c9laboration de plans, dessins et esquisses initiaux \u2022 \u00c9tudes de faisabilit\u00e9 \u2022 Aide \u00e0 la constitution des avant-projets sommaires (APS) et des avant-projets d\u00e9taill\u00e9s (APD) \u2022 Assistance \u00e0 la programmation architecturale\" \/>\n<meta name=\"robots\" content=\"index, follow, max-snippet:-1, max-image-preview:large, max-video-preview:-1\" \/>\n<link rel=\"canonical\" href=\"https:\/\/archiy.fr\/index.php\/assistance-a-la-conception\/\" \/>\n<meta property=\"og:locale\" content=\"fr_FR\" \/>\n<meta property=\"og:type\" content=\"article\" \/>\n<meta property=\"og:title\" content=\"Assistance \u00e0 la Conception\u00a0: - archiy.fr\" \/>\n<meta property=\"og:description\" content=\"\u2022 Relev\u00e9 de site et documentation existante \u2022 \u00c9laboration de plans, dessins et esquisses initiaux \u2022 \u00c9tudes de faisabilit\u00e9 \u2022 Aide \u00e0 la constitution des avant-projets sommaires (APS) et des avant-projets d\u00e9taill\u00e9s (APD) \u2022 Assistance \u00e0 la programmation architecturale\" \/>\n<meta property=\"og:url\" content=\"https:\/\/archiy.fr\/index.php\/assistance-a-la-conception\/\" \/>\n<meta property=\"og:site_name\" content=\"archiy.fr\" \/>\n<meta property=\"article:publisher\" content=\"https:\/\/www.facebook.com\/atelier.archiy\" \/>\n<meta property=\"article:modified_time\" content=\"2024-05-15T20:21:43+00:00\" \/>\n<meta name=\"twitter:card\" content=\"summary_large_image\" \/>\n<meta name=\"twitter:label1\" content=\"Dur\u00e9e de lecture estim\u00e9e\" \/>\n\t<meta name=\"twitter:data1\" content=\"2 minutes\" \/>\n<script type=\"application\/ld+json\" class=\"yoast-schema-graph\">{\"@context\":\"https:\/\/schema.org\",\"@graph\":[{\"@type\":\"WebPage\",\"@id\":\"https:\/\/archiy.fr\/index.php\/assistance-a-la-conception\/\",\"url\":\"https:\/\/archiy.fr\/index.php\/assistance-a-la-conception\/\",\"name\":\"Assistance \u00e0 la Conception\u00a0: - archiy.fr\",\"isPartOf\":{\"@id\":\"https:\/\/archiy.fr\/#website\"},\"datePublished\":\"2024-05-15T19:46:26+00:00\",\"dateModified\":\"2024-05-15T20:21:43+00:00\",\"description\":\"\u2022 Relev\u00e9 de site et documentation existante \u2022 \u00c9laboration de plans, dessins et esquisses initiaux \u2022 \u00c9tudes de faisabilit\u00e9 \u2022 Aide \u00e0 la constitution des avant-projets sommaires (APS) et des avant-projets d\u00e9taill\u00e9s (APD) \u2022 Assistance \u00e0 la programmation architecturale\",\"breadcrumb\":{\"@id\":\"https:\/\/archiy.fr\/index.php\/assistance-a-la-conception\/#breadcrumb\"},\"inLanguage\":\"fr-FR\",\"potentialAction\":[{\"@type\":\"ReadAction\",\"target\":[\"https:\/\/archiy.fr\/index.php\/assistance-a-la-conception\/\"]}]},{\"@type\":\"BreadcrumbList\",\"@id\":\"https:\/\/archiy.fr\/index.php\/assistance-a-la-conception\/#breadcrumb\",\"itemListElement\":[{\"@type\":\"ListItem\",\"position\":1,\"name\":\"Accueil\",\"item\":\"https:\/\/archiy.fr\/\"},{\"@type\":\"ListItem\",\"position\":2,\"name\":\"Assistance \u00e0 la Conception\u00a0:\"}]},{\"@type\":\"WebSite\",\"@id\":\"https:\/\/archiy.fr\/#website\",\"url\":\"https:\/\/archiy.fr\/\",\"name\":\"archiy.fr\",\"description\":\"Architecte d&#039;int\u00e9rieur, d\u00e9corateur, designer d&#039;int\u00e9rieurs\",\"publisher\":{\"@id\":\"https:\/\/archiy.fr\/#organization\"},\"potentialAction\":[{\"@type\":\"SearchAction\",\"target\":{\"@type\":\"EntryPoint\",\"urlTemplate\":\"https:\/\/archiy.fr\/?s={search_term_string}\"},\"query-input\":\"required name=search_term_string\"}],\"inLanguage\":\"fr-FR\"},{\"@type\":\"Organization\",\"@id\":\"https:\/\/archiy.fr\/#organization\",\"name\":\"Archiy\",\"url\":\"https:\/\/archiy.fr\/\",\"logo\":{\"@type\":\"ImageObject\",\"inLanguage\":\"fr-FR\",\"@id\":\"https:\/\/archiy.fr\/#\/schema\/logo\/image\/\",\"url\":\"https:\/\/archiy.fr\/wp-content\/uploads\/2024\/03\/cropped-Archiy-Logo-1.png\",\"contentUrl\":\"https:\/\/archiy.fr\/wp-content\/uploads\/2024\/03\/cropped-Archiy-Logo-1.png\",\"width\":2168,\"height\":868,\"caption\":\"Archiy\"},\"image\":{\"@id\":\"https:\/\/archiy.fr\/#\/schema\/logo\/image\/\"},\"sameAs\":[\"https:\/\/www.facebook.com\/atelier.archiy\"]}]}<\/script>\n<!-- \/ Yoast SEO plugin. -->","yoast_head_json":{"title":"Assistance \u00e0 la Conception\u00a0: - archiy.fr","description":"\u2022 Relev\u00e9 de site et documentation existante \u2022 \u00c9laboration de plans, dessins et esquisses initiaux \u2022 \u00c9tudes de faisabilit\u00e9 \u2022 Aide \u00e0 la constitution des avant-projets sommaires (APS) et des avant-projets d\u00e9taill\u00e9s (APD) \u2022 Assistance \u00e0 la programmation architecturale","robots":{"index":"index","follow":"follow","max-snippet":"max-snippet:-1","max-image-preview":"max-image-preview:large","max-video-preview":"max-video-preview:-1"},"canonical":"https:\/\/archiy.fr\/index.php\/assistance-a-la-conception\/","og_locale":"fr_FR","og_type":"article","og_title":"Assistance \u00e0 la Conception\u00a0: - archiy.fr","og_description":"\u2022 Relev\u00e9 de site et documentation existante \u2022 \u00c9laboration de plans, dessins et esquisses initiaux \u2022 \u00c9tudes de faisabilit\u00e9 \u2022 Aide \u00e0 la constitution des avant-projets sommaires (APS) et des avant-projets d\u00e9taill\u00e9s (APD) \u2022 Assistance \u00e0 la programmation architecturale","og_url":"https:\/\/archiy.fr\/index.php\/assistance-a-la-conception\/","og_site_name":"archiy.fr","article_publisher":"https:\/\/www.facebook.com\/atelier.archiy","article_modified_time":"2024-05-15T20:21:43+00:00","twitter_card":"summary_large_image","twitter_misc":{"Dur\u00e9e de lecture estim\u00e9e":"2 minutes"},"schema":{"@context":"https:\/\/schema.org","@graph":[{"@type":"WebPage","@id":"https:\/\/archiy.fr\/index.php\/assistance-a-la-conception\/","url":"https:\/\/archiy.fr\/index.php\/assistance-a-la-conception\/","name":"Assistance \u00e0 la Conception\u00a0: - archiy.fr","isPartOf":{"@id":"https:\/\/archiy.fr\/#website"},"datePublished":"2024-05-15T19:46:26+00:00","dateModified":"2024-05-15T20:21:43+00:00","description":"\u2022 Relev\u00e9 de site et documentation existante \u2022 \u00c9laboration de plans, dessins et esquisses initiaux \u2022 \u00c9tudes de faisabilit\u00e9 \u2022 Aide \u00e0 la constitution des avant-projets sommaires (APS) et des avant-projets d\u00e9taill\u00e9s (APD) \u2022 Assistance \u00e0 la programmation architecturale","breadcrumb":{"@id":"https:\/\/archiy.fr\/index.php\/assistance-a-la-conception\/#breadcrumb"},"inLanguage":"fr-FR","potentialAction":[{"@type":"ReadAction","target":["https:\/\/archiy.fr\/index.php\/assistance-a-la-conception\/"]}]},{"@type":"BreadcrumbList","@id":"https:\/\/archiy.fr\/index.php\/assistance-a-la-conception\/#breadcrumb","itemListElement":[{"@type":"ListItem","position":1,"name":"Accueil","item":"https:\/\/archiy.fr\/"},{"@type":"ListItem","position":2,"name":"Assistance \u00e0 la Conception\u00a0:"}]},{"@type":"WebSite","@id":"https:\/\/archiy.fr\/#website","url":"https:\/\/archiy.fr\/","name":"archiy.fr","description":"Architecte d&#039;int\u00e9rieur, d\u00e9corateur, designer d&#039;int\u00e9rieurs","publisher":{"@id":"https:\/\/archiy.fr\/#organization"},"potentialAction":[{"@type":"SearchAction","target":{"@type":"EntryPoint","urlTemplate":"https:\/\/archiy.fr\/?s={search_term_string}"},"query-input":"required name=search_term_string"}],"inLanguage":"fr-FR"},{"@type":"Organization","@id":"https:\/\/archiy.fr\/#organization","name":"Archiy","url":"https:\/\/archiy.fr\/","logo":{"@type":"ImageObject","inLanguage":"fr-FR","@id":"https:\/\/archiy.fr\/#\/schema\/logo\/image\/","url":"https:\/\/archiy.fr\/wp-content\/uploads\/2024\/03\/cropped-Archiy-Logo-1.png","contentUrl":"https:\/\/archiy.fr\/wp-content\/uploads\/2024\/03\/cropped-Archiy-Logo-1.png","width":2168,"height":868,"caption":"Archiy"},"image":{"@id":"https:\/\/archiy.fr\/#\/schema\/logo\/image\/"},"sameAs":["https:\/\/www.facebook.com\/atelier.archiy"]}]}},"_links":{"self":[{"href":"https:\/\/archiy.fr\/index.php\/wp-json\/wp\/v2\/pages\/1143"}],"collection":[{"href":"https:\/\/archiy.fr\/index.php\/wp-json\/wp\/v2\/pages"}],"about":[{"href":"https:\/\/archiy.fr\/index.php\/wp-json\/wp\/v2\/types\/page"}],"author":[{"embeddable":true,"href":"https:\/\/archiy.fr\/index.php\/wp-json\/wp\/v2\/users\/1"}],"replies":[{"embeddable":true,"href":"https:\/\/archiy.fr\/index.php\/wp-json\/wp\/v2\/comments?post=1143"}],"version-history":[{"count":7,"href":"https:\/\/archiy.fr\/index.php\/wp-json\/wp\/v2\/pages\/1143\/revisions"}],"predecessor-version":[{"id":1190,"href":"https:\/\/archiy.fr\/index.php\/wp-json\/wp\/v2\/pages\/1143\/revisions\/1190"}],"wp:attachment":[{"href":"https:\/\/archiy.fr\/index.php\/wp-json\/wp\/v2\/media?parent=1143"}],"curies":[{"name":"wp","href":"https:\/\/api.w.org\/{rel}","templated":true}]}}