{"id":1156,"date":"2024-05-15T21:52:56","date_gmt":"2024-05-15T19:52:56","guid":{"rendered":"https:\/\/archiy.fr\/?page_id=1156"},"modified":"2024-05-15T22:22:22","modified_gmt":"2024-05-15T20:22:22","slug":"passation-des-marches","status":"publish","type":"page","link":"https:\/\/archiy.fr\/index.php\/passation-des-marches\/","title":{"rendered":"Passation des March\u00e9s"},"content":{"rendered":"\n<h2 class=\"wp-block-heading\">Passation des March\u00e9s<\/h2>\n\n\n\n<p><\/p>\n\n\n\n<p><strong>Gestion des appels d&rsquo;offres<\/strong> :<\/p>\n\n\n\n<ul>\n<li>Pr\u00e9paration et publication des annonces d&rsquo;appel d&rsquo;offres conform\u00e9ment aux exigences l\u00e9gales et r\u00e9glementaires.<\/li>\n\n\n\n<li>\u00c9laboration des documents d&rsquo;appel d&rsquo;offres comprenant les sp\u00e9cifications techniques, les exigences contractuelles et les modalit\u00e9s de soumission.<\/li>\n\n\n\n<li>Coordination de la proc\u00e9dure d&rsquo;appel d&rsquo;offres, y compris la r\u00e9ception et l&rsquo;enregistrement des offres.<\/li>\n<\/ul>\n\n\n\n<p><strong>Aide \u00e0 la s\u00e9lection des entreprises<\/strong> :<\/p>\n\n\n\n<ul>\n<li>\u00c9valuation des soumissions re\u00e7ues en fonction des crit\u00e8res pr\u00e9d\u00e9finis, tels que le prix, la qualit\u00e9, les d\u00e9lais et la conformit\u00e9 aux sp\u00e9cifications techniques.<\/li>\n\n\n\n<li>Analyse comparative des offres pour identifier les meilleures propositions et les entreprises les plus appropri\u00e9es.<\/li>\n\n\n\n<li>Pr\u00e9paration de rapports d&rsquo;\u00e9valuation et de recommandations pour la s\u00e9lection finale des fournisseurs ou des entrepreneurs.<\/li>\n<\/ul>\n\n\n\n<p><strong>Assistance dans la n\u00e9gociation des contrats<\/strong> :<\/p>\n\n\n\n<ul>\n<li>Coordination des r\u00e9unions de n\u00e9gociation avec les soumissionnaires retenus pour finaliser les d\u00e9tails contractuels.<\/li>\n\n\n\n<li>R\u00e9vision et finalisation des contrats en veillant \u00e0 ce qu&rsquo;ils refl\u00e8tent les accords convenus et les conditions sp\u00e9cifi\u00e9es dans les documents d&rsquo;appel d&rsquo;offres.<\/li>\n\n\n\n<li>Conseil et soutien juridique pour s&rsquo;assurer que les contrats respectent les lois et r\u00e9glementations applicables.<\/li>\n<\/ul>\n\n\n<style>.wp-block-kadence-spacer.kt-block-spacer-1156_321d32-b5 .kt-block-spacer{height:60px;}.wp-block-kadence-spacer.kt-block-spacer-1156_321d32-b5 .kt-divider{border-top-width:1px;height:1px;border-top-color:#eee;width:80%;border-top-style:solid;}<\/style>\n<div class=\"wp-block-kadence-spacer aligncenter kt-block-spacer-1156_321d32-b5\"><div class=\"kt-block-spacer kt-block-spacer-halign-center\"><hr class=\"kt-divider\"\/><\/div><\/div>\n\n\n<style>.wp-block-kadence-advancedbtn.kb-btns1156_ad3180-32{gap:var(--global-kb-gap-xs, 0.5rem );justify-content:center;align-items:center;}.kt-btns1156_ad3180-32 .kt-button{font-weight:normal;font-style:normal;}.kt-btns1156_ad3180-32 .kt-btn-wrap-0{margin-right:5px;}.wp-block-kadence-advancedbtn.kt-btns1156_ad3180-32 .kt-btn-wrap-0 .kt-button{color:#555555;border-color:#555555;}.wp-block-kadence-advancedbtn.kt-btns1156_ad3180-32 .kt-btn-wrap-0 .kt-button:hover, .wp-block-kadence-advancedbtn.kt-btns1156_ad3180-32 .kt-btn-wrap-0 .kt-button:focus{color:#ffffff;border-color:#444444;}.wp-block-kadence-advancedbtn.kt-btns1156_ad3180-32 .kt-btn-wrap-0 .kt-button::before{display:none;}.wp-block-kadence-advancedbtn.kt-btns1156_ad3180-32 .kt-btn-wrap-0 .kt-button:hover, .wp-block-kadence-advancedbtn.kt-btns1156_ad3180-32 .kt-btn-wrap-0 .kt-button:focus{background:#444444;}<\/style>\n<div class=\"wp-block-kadence-advancedbtn kb-buttons-wrap kb-btns1156_ad3180-32\"><style>.wp-block-kadence-advancedbtn .kb-btn1156_4b3c46-2f.kb-button, ul.menu .wp-block-kadence-advancedbtn .kb-btn1156_4b3c46-2f.kb-button{width:200px;}<\/style><a class=\"kb-button kt-button button kb-btn1156_4b3c46-2f kt-btn-size-small kt-btn-width-type-fixed kb-btn-global-fill kt-btn-has-text-true kt-btn-has-svg-false wp-block-kadence-singlebtn\" href=\"https:\/\/archiy.fr\/index.php\/contact\/\"><span class=\"kt-btn-inner-text\"><strong>CONTACT<\/strong><\/span><\/a><\/div>\n\n\n\n<p><\/p>\n","protected":false},"excerpt":{"rendered":"<p>Passation des March\u00e9s Gestion des appels d&rsquo;offres : Aide \u00e0 la s\u00e9lection des entreprises : Assistance dans la n\u00e9gociation des contrats :<\/p>\n","protected":false},"author":1,"featured_media":0,"parent":0,"menu_order":0,"comment_status":"closed","ping_status":"closed","template":"","meta":{"_kad_post_transparent":"","_kad_post_title":"","_kad_post_layout":"","_kad_post_sidebar_id":"","_kad_post_content_style":"","_kad_post_vertical_padding":"","_kad_post_feature":"","_kad_post_feature_position":"","_kad_post_header":false,"_kad_post_footer":false,"footnotes":""},"yoast_head":"<!-- This site is optimized with the Yoast SEO plugin v22.7 - https:\/\/yoast.com\/wordpress\/plugins\/seo\/ -->\n<title>Passation des March\u00e9s - archiy.fr<\/title>\n<meta name=\"robots\" content=\"index, follow, max-snippet:-1, max-image-preview:large, max-video-preview:-1\" \/>\n<link rel=\"canonical\" href=\"https:\/\/archiy.fr\/index.php\/passation-des-marches\/\" \/>\n<meta property=\"og:locale\" content=\"fr_FR\" \/>\n<meta property=\"og:type\" content=\"article\" \/>\n<meta property=\"og:title\" content=\"Passation des March\u00e9s - archiy.fr\" \/>\n<meta property=\"og:description\" content=\"Passation des March\u00e9s Gestion des appels d&rsquo;offres : Aide \u00e0 la s\u00e9lection des entreprises : Assistance dans la n\u00e9gociation des contrats :\" \/>\n<meta property=\"og:url\" content=\"https:\/\/archiy.fr\/index.php\/passation-des-marches\/\" \/>\n<meta property=\"og:site_name\" content=\"archiy.fr\" \/>\n<meta property=\"article:publisher\" content=\"https:\/\/www.facebook.com\/atelier.archiy\" \/>\n<meta property=\"article:modified_time\" content=\"2024-05-15T20:22:22+00:00\" \/>\n<meta name=\"twitter:card\" content=\"summary_large_image\" \/>\n<meta name=\"twitter:label1\" content=\"Dur\u00e9e de lecture estim\u00e9e\" \/>\n\t<meta name=\"twitter:data1\" content=\"1 minute\" \/>\n<script type=\"application\/ld+json\" class=\"yoast-schema-graph\">{\"@context\":\"https:\/\/schema.org\",\"@graph\":[{\"@type\":\"WebPage\",\"@id\":\"https:\/\/archiy.fr\/index.php\/passation-des-marches\/\",\"url\":\"https:\/\/archiy.fr\/index.php\/passation-des-marches\/\",\"name\":\"Passation des March\u00e9s - archiy.fr\",\"isPartOf\":{\"@id\":\"https:\/\/archiy.fr\/#website\"},\"datePublished\":\"2024-05-15T19:52:56+00:00\",\"dateModified\":\"2024-05-15T20:22:22+00:00\",\"breadcrumb\":{\"@id\":\"https:\/\/archiy.fr\/index.php\/passation-des-marches\/#breadcrumb\"},\"inLanguage\":\"fr-FR\",\"potentialAction\":[{\"@type\":\"ReadAction\",\"target\":[\"https:\/\/archiy.fr\/index.php\/passation-des-marches\/\"]}]},{\"@type\":\"BreadcrumbList\",\"@id\":\"https:\/\/archiy.fr\/index.php\/passation-des-marches\/#breadcrumb\",\"itemListElement\":[{\"@type\":\"ListItem\",\"position\":1,\"name\":\"Accueil\",\"item\":\"https:\/\/archiy.fr\/\"},{\"@type\":\"ListItem\",\"position\":2,\"name\":\"Passation des March\u00e9s\"}]},{\"@type\":\"WebSite\",\"@id\":\"https:\/\/archiy.fr\/#website\",\"url\":\"https:\/\/archiy.fr\/\",\"name\":\"archiy.fr\",\"description\":\"Architecte d&#039;int\u00e9rieur, d\u00e9corateur, designer d&#039;int\u00e9rieurs\",\"publisher\":{\"@id\":\"https:\/\/archiy.fr\/#organization\"},\"potentialAction\":[{\"@type\":\"SearchAction\",\"target\":{\"@type\":\"EntryPoint\",\"urlTemplate\":\"https:\/\/archiy.fr\/?s={search_term_string}\"},\"query-input\":\"required name=search_term_string\"}],\"inLanguage\":\"fr-FR\"},{\"@type\":\"Organization\",\"@id\":\"https:\/\/archiy.fr\/#organization\",\"name\":\"Archiy\",\"url\":\"https:\/\/archiy.fr\/\",\"logo\":{\"@type\":\"ImageObject\",\"inLanguage\":\"fr-FR\",\"@id\":\"https:\/\/archiy.fr\/#\/schema\/logo\/image\/\",\"url\":\"https:\/\/archiy.fr\/wp-content\/uploads\/2024\/03\/cropped-Archiy-Logo-1.png\",\"contentUrl\":\"https:\/\/archiy.fr\/wp-content\/uploads\/2024\/03\/cropped-Archiy-Logo-1.png\",\"width\":2168,\"height\":868,\"caption\":\"Archiy\"},\"image\":{\"@id\":\"https:\/\/archiy.fr\/#\/schema\/logo\/image\/\"},\"sameAs\":[\"https:\/\/www.facebook.com\/atelier.archiy\"]}]}<\/script>\n<!-- \/ Yoast SEO plugin. -->","yoast_head_json":{"title":"Passation des March\u00e9s - archiy.fr","robots":{"index":"index","follow":"follow","max-snippet":"max-snippet:-1","max-image-preview":"max-image-preview:large","max-video-preview":"max-video-preview:-1"},"canonical":"https:\/\/archiy.fr\/index.php\/passation-des-marches\/","og_locale":"fr_FR","og_type":"article","og_title":"Passation des March\u00e9s - archiy.fr","og_description":"Passation des March\u00e9s Gestion des appels d&rsquo;offres : Aide \u00e0 la s\u00e9lection des entreprises : Assistance dans la n\u00e9gociation des contrats :","og_url":"https:\/\/archiy.fr\/index.php\/passation-des-marches\/","og_site_name":"archiy.fr","article_publisher":"https:\/\/www.facebook.com\/atelier.archiy","article_modified_time":"2024-05-15T20:22:22+00:00","twitter_card":"summary_large_image","twitter_misc":{"Dur\u00e9e de lecture estim\u00e9e":"1 minute"},"schema":{"@context":"https:\/\/schema.org","@graph":[{"@type":"WebPage","@id":"https:\/\/archiy.fr\/index.php\/passation-des-marches\/","url":"https:\/\/archiy.fr\/index.php\/passation-des-marches\/","name":"Passation des March\u00e9s - archiy.fr","isPartOf":{"@id":"https:\/\/archiy.fr\/#website"},"datePublished":"2024-05-15T19:52:56+00:00","dateModified":"2024-05-15T20:22:22+00:00","breadcrumb":{"@id":"https:\/\/archiy.fr\/index.php\/passation-des-marches\/#breadcrumb"},"inLanguage":"fr-FR","potentialAction":[{"@type":"ReadAction","target":["https:\/\/archiy.fr\/index.php\/passation-des-marches\/"]}]},{"@type":"BreadcrumbList","@id":"https:\/\/archiy.fr\/index.php\/passation-des-marches\/#breadcrumb","itemListElement":[{"@type":"ListItem","position":1,"name":"Accueil","item":"https:\/\/archiy.fr\/"},{"@type":"ListItem","position":2,"name":"Passation des March\u00e9s"}]},{"@type":"WebSite","@id":"https:\/\/archiy.fr\/#website","url":"https:\/\/archiy.fr\/","name":"archiy.fr","description":"Architecte d&#039;int\u00e9rieur, d\u00e9corateur, designer d&#039;int\u00e9rieurs","publisher":{"@id":"https:\/\/archiy.fr\/#organization"},"potentialAction":[{"@type":"SearchAction","target":{"@type":"EntryPoint","urlTemplate":"https:\/\/archiy.fr\/?s={search_term_string}"},"query-input":"required name=search_term_string"}],"inLanguage":"fr-FR"},{"@type":"Organization","@id":"https:\/\/archiy.fr\/#organization","name":"Archiy","url":"https:\/\/archiy.fr\/","logo":{"@type":"ImageObject","inLanguage":"fr-FR","@id":"https:\/\/archiy.fr\/#\/schema\/logo\/image\/","url":"https:\/\/archiy.fr\/wp-content\/uploads\/2024\/03\/cropped-Archiy-Logo-1.png","contentUrl":"https:\/\/archiy.fr\/wp-content\/uploads\/2024\/03\/cropped-Archiy-Logo-1.png","width":2168,"height":868,"caption":"Archiy"},"image":{"@id":"https:\/\/archiy.fr\/#\/schema\/logo\/image\/"},"sameAs":["https:\/\/www.facebook.com\/atelier.archiy"]}]}},"_links":{"self":[{"href":"https:\/\/archiy.fr\/index.php\/wp-json\/wp\/v2\/pages\/1156"}],"collection":[{"href":"https:\/\/archiy.fr\/index.php\/wp-json\/wp\/v2\/pages"}],"about":[{"href":"https:\/\/archiy.fr\/index.php\/wp-json\/wp\/v2\/types\/page"}],"author":[{"embeddable":true,"href":"https:\/\/archiy.fr\/index.php\/wp-json\/wp\/v2\/users\/1"}],"replies":[{"embeddable":true,"href":"https:\/\/archiy.fr\/index.php\/wp-json\/wp\/v2\/comments?post=1156"}],"version-history":[{"count":3,"href":"https:\/\/archiy.fr\/index.php\/wp-json\/wp\/v2\/pages\/1156\/revisions"}],"predecessor-version":[{"id":1192,"href":"https:\/\/archiy.fr\/index.php\/wp-json\/wp\/v2\/pages\/1156\/revisions\/1192"}],"wp:attachment":[{"href":"https:\/\/archiy.fr\/index.php\/wp-json\/wp\/v2\/media?parent=1156"}],"curies":[{"name":"wp","href":"https:\/\/api.w.org\/{rel}","templated":true}]}}