{"id":1159,"date":"2024-05-15T21:54:07","date_gmt":"2024-05-15T19:54:07","guid":{"rendered":"https:\/\/archiy.fr\/?page_id=1159"},"modified":"2024-05-15T22:22:46","modified_gmt":"2024-05-15T20:22:46","slug":"pilotage-et-coordination-des-travaux","status":"publish","type":"page","link":"https:\/\/archiy.fr\/index.php\/pilotage-et-coordination-des-travaux\/","title":{"rendered":"Pilotage et Coordination des Travaux"},"content":{"rendered":"\n<p><strong>Pilotage et Coordination des Travaux<\/strong><\/p>\n\n\n\n<p><\/p>\n\n\n\n<p><strong>Planification des travaux<\/strong> :<\/p>\n\n\n\n<ul>\n<li>\u00c9laboration d&rsquo;un calendrier d\u00e9taill\u00e9 des travaux, en tenant compte des diff\u00e9rentes phases du projet et des d\u00e9lais impartis.<\/li>\n\n\n\n<li>R\u00e9partition des t\u00e2ches et des ressources pour assurer une ex\u00e9cution efficace et coh\u00e9rente du projet.<\/li>\n\n\n\n<li>Mise en place de m\u00e9canismes de suivi et de gestion des retards \u00e9ventuels.<\/li>\n<\/ul>\n\n\n\n<p><strong>Coordination des diff\u00e9rents intervenants<\/strong> :<\/p>\n\n\n\n<ul>\n<li>Organisation et animation des r\u00e9unions de coordination entre les diff\u00e9rents intervenants du projet (architectes, ing\u00e9nieurs, sous-traitants, etc.).<\/li>\n\n\n\n<li>Suivi des \u00e9changes d&rsquo;informations et des d\u00e9cisions prises lors des r\u00e9unions pour garantir une communication fluide et une collaboration efficace.<\/li>\n\n\n\n<li>R\u00e9solution des conflits et des probl\u00e8mes \u00e9ventuels survenant entre les diff\u00e9rentes parties prenantes du projet.<\/li>\n<\/ul>\n\n\n\n<p><strong>Contr\u00f4le de la mise en \u0153uvre<\/strong> :<\/p>\n\n\n\n<ul>\n<li>Inspection r\u00e9guli\u00e8re du chantier pour v\u00e9rifier la conformit\u00e9 des travaux par rapport aux plans, aux sp\u00e9cifications techniques et aux normes de qualit\u00e9.<\/li>\n\n\n\n<li>Identification des \u00e9ventuels \u00e9carts ou d\u00e9fauts et proposition de mesures correctives.<\/li>\n\n\n\n<li>Suivi des avancements et des jalons du projet pour s&rsquo;assurer que les d\u00e9lais sont respect\u00e9s.<\/li>\n<\/ul>\n\n\n\n<p><strong>Gestion des r\u00e9unions de chantier et des comptes rendus<\/strong> :<\/p>\n\n\n\n<ul>\n<li>Organisation et animation des r\u00e9unions de chantier r\u00e9guli\u00e8res pour faire le point sur l&rsquo;avancement des travaux, discuter des probl\u00e8mes rencontr\u00e9s et prendre des d\u00e9cisions.<\/li>\n\n\n\n<li>R\u00e9daction et diffusion des comptes rendus de r\u00e9union pour documenter les discussions, les d\u00e9cisions prises et les actions \u00e0 entreprendre.<\/li>\n<\/ul>\n\n\n\n<p><strong>Suivi des \u00e9ch\u00e9anciers et des budgets<\/strong> :<\/p>\n\n\n\n<ul>\n<li>Surveillance \u00e9troite des co\u00fbts et des d\u00e9penses du projet par rapport au budget pr\u00e9vu.<\/li>\n<\/ul>\n\n\n<style>.wp-block-kadence-spacer.kt-block-spacer-1159_f35811-a7 .kt-block-spacer{height:60px;}.wp-block-kadence-spacer.kt-block-spacer-1159_f35811-a7 .kt-divider{border-top-width:1px;height:1px;border-top-color:#eee;width:80%;border-top-style:solid;}<\/style>\n<div class=\"wp-block-kadence-spacer aligncenter kt-block-spacer-1159_f35811-a7\"><div class=\"kt-block-spacer kt-block-spacer-halign-center\"><hr class=\"kt-divider\"\/><\/div><\/div>\n\n\n<style>.wp-block-kadence-advancedbtn.kb-btns1159_b25362-c0{gap:var(--global-kb-gap-xs, 0.5rem );justify-content:center;align-items:center;}.kt-btns1159_b25362-c0 .kt-button{font-weight:normal;font-style:normal;}.kt-btns1159_b25362-c0 .kt-btn-wrap-0{margin-right:5px;}.wp-block-kadence-advancedbtn.kt-btns1159_b25362-c0 .kt-btn-wrap-0 .kt-button{color:#555555;border-color:#555555;}.wp-block-kadence-advancedbtn.kt-btns1159_b25362-c0 .kt-btn-wrap-0 .kt-button:hover, .wp-block-kadence-advancedbtn.kt-btns1159_b25362-c0 .kt-btn-wrap-0 .kt-button:focus{color:#ffffff;border-color:#444444;}.wp-block-kadence-advancedbtn.kt-btns1159_b25362-c0 .kt-btn-wrap-0 .kt-button::before{display:none;}.wp-block-kadence-advancedbtn.kt-btns1159_b25362-c0 .kt-btn-wrap-0 .kt-button:hover, .wp-block-kadence-advancedbtn.kt-btns1159_b25362-c0 .kt-btn-wrap-0 .kt-button:focus{background:#444444;}<\/style>\n<div class=\"wp-block-kadence-advancedbtn kb-buttons-wrap kb-btns1159_b25362-c0\"><style>.wp-block-kadence-advancedbtn .kb-btn1159_329648-6d.kb-button, ul.menu .wp-block-kadence-advancedbtn .kb-btn1159_329648-6d.kb-button{width:200px;}<\/style><a class=\"kb-button kt-button button kb-btn1159_329648-6d kt-btn-size-small kt-btn-width-type-fixed kb-btn-global-fill kt-btn-has-text-true kt-btn-has-svg-false wp-block-kadence-singlebtn\" href=\"https:\/\/archiy.fr\/index.php\/contact\/\"><span class=\"kt-btn-inner-text\"><strong>CONTACT<\/strong><\/span><\/a><\/div>\n\n\n\n<p><\/p>\n","protected":false},"excerpt":{"rendered":"<p>Pilotage et Coordination des Travaux Planification des travaux : Coordination des diff\u00e9rents intervenants : Contr\u00f4le de la mise en \u0153uvre : Gestion des r\u00e9unions de chantier et des comptes rendus : Suivi des \u00e9ch\u00e9anciers et des budgets :<\/p>\n","protected":false},"author":1,"featured_media":0,"parent":0,"menu_order":0,"comment_status":"closed","ping_status":"closed","template":"","meta":{"_kad_post_transparent":"","_kad_post_title":"","_kad_post_layout":"","_kad_post_sidebar_id":"","_kad_post_content_style":"","_kad_post_vertical_padding":"","_kad_post_feature":"","_kad_post_feature_position":"","_kad_post_header":false,"_kad_post_footer":false,"footnotes":""},"yoast_head":"<!-- This site is optimized with the Yoast SEO plugin v22.7 - https:\/\/yoast.com\/wordpress\/plugins\/seo\/ -->\n<title>Pilotage et Coordination des Travaux - archiy.fr<\/title>\n<meta name=\"robots\" content=\"index, follow, max-snippet:-1, max-image-preview:large, max-video-preview:-1\" \/>\n<link rel=\"canonical\" href=\"https:\/\/archiy.fr\/index.php\/pilotage-et-coordination-des-travaux\/\" \/>\n<meta property=\"og:locale\" content=\"fr_FR\" \/>\n<meta property=\"og:type\" content=\"article\" \/>\n<meta property=\"og:title\" content=\"Pilotage et Coordination des Travaux - archiy.fr\" \/>\n<meta property=\"og:description\" content=\"Pilotage et Coordination des Travaux Planification des travaux : Coordination des diff\u00e9rents intervenants : Contr\u00f4le de la mise en \u0153uvre : Gestion des r\u00e9unions de chantier et des comptes rendus : Suivi des \u00e9ch\u00e9anciers et des budgets :\" \/>\n<meta property=\"og:url\" content=\"https:\/\/archiy.fr\/index.php\/pilotage-et-coordination-des-travaux\/\" \/>\n<meta property=\"og:site_name\" content=\"archiy.fr\" \/>\n<meta property=\"article:publisher\" content=\"https:\/\/www.facebook.com\/atelier.archiy\" \/>\n<meta property=\"article:modified_time\" content=\"2024-05-15T20:22:46+00:00\" \/>\n<meta name=\"twitter:card\" content=\"summary_large_image\" \/>\n<meta name=\"twitter:label1\" content=\"Dur\u00e9e de lecture estim\u00e9e\" \/>\n\t<meta name=\"twitter:data1\" content=\"2 minutes\" \/>\n<script type=\"application\/ld+json\" class=\"yoast-schema-graph\">{\"@context\":\"https:\/\/schema.org\",\"@graph\":[{\"@type\":\"WebPage\",\"@id\":\"https:\/\/archiy.fr\/index.php\/pilotage-et-coordination-des-travaux\/\",\"url\":\"https:\/\/archiy.fr\/index.php\/pilotage-et-coordination-des-travaux\/\",\"name\":\"Pilotage et Coordination des Travaux - archiy.fr\",\"isPartOf\":{\"@id\":\"https:\/\/archiy.fr\/#website\"},\"datePublished\":\"2024-05-15T19:54:07+00:00\",\"dateModified\":\"2024-05-15T20:22:46+00:00\",\"breadcrumb\":{\"@id\":\"https:\/\/archiy.fr\/index.php\/pilotage-et-coordination-des-travaux\/#breadcrumb\"},\"inLanguage\":\"fr-FR\",\"potentialAction\":[{\"@type\":\"ReadAction\",\"target\":[\"https:\/\/archiy.fr\/index.php\/pilotage-et-coordination-des-travaux\/\"]}]},{\"@type\":\"BreadcrumbList\",\"@id\":\"https:\/\/archiy.fr\/index.php\/pilotage-et-coordination-des-travaux\/#breadcrumb\",\"itemListElement\":[{\"@type\":\"ListItem\",\"position\":1,\"name\":\"Accueil\",\"item\":\"https:\/\/archiy.fr\/\"},{\"@type\":\"ListItem\",\"position\":2,\"name\":\"Pilotage et Coordination des Travaux\"}]},{\"@type\":\"WebSite\",\"@id\":\"https:\/\/archiy.fr\/#website\",\"url\":\"https:\/\/archiy.fr\/\",\"name\":\"archiy.fr\",\"description\":\"Architecte d&#039;int\u00e9rieur, d\u00e9corateur, designer d&#039;int\u00e9rieurs\",\"publisher\":{\"@id\":\"https:\/\/archiy.fr\/#organization\"},\"potentialAction\":[{\"@type\":\"SearchAction\",\"target\":{\"@type\":\"EntryPoint\",\"urlTemplate\":\"https:\/\/archiy.fr\/?s={search_term_string}\"},\"query-input\":\"required name=search_term_string\"}],\"inLanguage\":\"fr-FR\"},{\"@type\":\"Organization\",\"@id\":\"https:\/\/archiy.fr\/#organization\",\"name\":\"Archiy\",\"url\":\"https:\/\/archiy.fr\/\",\"logo\":{\"@type\":\"ImageObject\",\"inLanguage\":\"fr-FR\",\"@id\":\"https:\/\/archiy.fr\/#\/schema\/logo\/image\/\",\"url\":\"https:\/\/archiy.fr\/wp-content\/uploads\/2024\/03\/cropped-Archiy-Logo-1.png\",\"contentUrl\":\"https:\/\/archiy.fr\/wp-content\/uploads\/2024\/03\/cropped-Archiy-Logo-1.png\",\"width\":2168,\"height\":868,\"caption\":\"Archiy\"},\"image\":{\"@id\":\"https:\/\/archiy.fr\/#\/schema\/logo\/image\/\"},\"sameAs\":[\"https:\/\/www.facebook.com\/atelier.archiy\"]}]}<\/script>\n<!-- \/ Yoast SEO plugin. -->","yoast_head_json":{"title":"Pilotage et Coordination des Travaux - archiy.fr","robots":{"index":"index","follow":"follow","max-snippet":"max-snippet:-1","max-image-preview":"max-image-preview:large","max-video-preview":"max-video-preview:-1"},"canonical":"https:\/\/archiy.fr\/index.php\/pilotage-et-coordination-des-travaux\/","og_locale":"fr_FR","og_type":"article","og_title":"Pilotage et Coordination des Travaux - archiy.fr","og_description":"Pilotage et Coordination des Travaux Planification des travaux : Coordination des diff\u00e9rents intervenants : Contr\u00f4le de la mise en \u0153uvre : Gestion des r\u00e9unions de chantier et des comptes rendus : Suivi des \u00e9ch\u00e9anciers et des budgets :","og_url":"https:\/\/archiy.fr\/index.php\/pilotage-et-coordination-des-travaux\/","og_site_name":"archiy.fr","article_publisher":"https:\/\/www.facebook.com\/atelier.archiy","article_modified_time":"2024-05-15T20:22:46+00:00","twitter_card":"summary_large_image","twitter_misc":{"Dur\u00e9e de lecture estim\u00e9e":"2 minutes"},"schema":{"@context":"https:\/\/schema.org","@graph":[{"@type":"WebPage","@id":"https:\/\/archiy.fr\/index.php\/pilotage-et-coordination-des-travaux\/","url":"https:\/\/archiy.fr\/index.php\/pilotage-et-coordination-des-travaux\/","name":"Pilotage et Coordination des Travaux - archiy.fr","isPartOf":{"@id":"https:\/\/archiy.fr\/#website"},"datePublished":"2024-05-15T19:54:07+00:00","dateModified":"2024-05-15T20:22:46+00:00","breadcrumb":{"@id":"https:\/\/archiy.fr\/index.php\/pilotage-et-coordination-des-travaux\/#breadcrumb"},"inLanguage":"fr-FR","potentialAction":[{"@type":"ReadAction","target":["https:\/\/archiy.fr\/index.php\/pilotage-et-coordination-des-travaux\/"]}]},{"@type":"BreadcrumbList","@id":"https:\/\/archiy.fr\/index.php\/pilotage-et-coordination-des-travaux\/#breadcrumb","itemListElement":[{"@type":"ListItem","position":1,"name":"Accueil","item":"https:\/\/archiy.fr\/"},{"@type":"ListItem","position":2,"name":"Pilotage et Coordination des Travaux"}]},{"@type":"WebSite","@id":"https:\/\/archiy.fr\/#website","url":"https:\/\/archiy.fr\/","name":"archiy.fr","description":"Architecte d&#039;int\u00e9rieur, d\u00e9corateur, designer d&#039;int\u00e9rieurs","publisher":{"@id":"https:\/\/archiy.fr\/#organization"},"potentialAction":[{"@type":"SearchAction","target":{"@type":"EntryPoint","urlTemplate":"https:\/\/archiy.fr\/?s={search_term_string}"},"query-input":"required name=search_term_string"}],"inLanguage":"fr-FR"},{"@type":"Organization","@id":"https:\/\/archiy.fr\/#organization","name":"Archiy","url":"https:\/\/archiy.fr\/","logo":{"@type":"ImageObject","inLanguage":"fr-FR","@id":"https:\/\/archiy.fr\/#\/schema\/logo\/image\/","url":"https:\/\/archiy.fr\/wp-content\/uploads\/2024\/03\/cropped-Archiy-Logo-1.png","contentUrl":"https:\/\/archiy.fr\/wp-content\/uploads\/2024\/03\/cropped-Archiy-Logo-1.png","width":2168,"height":868,"caption":"Archiy"},"image":{"@id":"https:\/\/archiy.fr\/#\/schema\/logo\/image\/"},"sameAs":["https:\/\/www.facebook.com\/atelier.archiy"]}]}},"_links":{"self":[{"href":"https:\/\/archiy.fr\/index.php\/wp-json\/wp\/v2\/pages\/1159"}],"collection":[{"href":"https:\/\/archiy.fr\/index.php\/wp-json\/wp\/v2\/pages"}],"about":[{"href":"https:\/\/archiy.fr\/index.php\/wp-json\/wp\/v2\/types\/page"}],"author":[{"embeddable":true,"href":"https:\/\/archiy.fr\/index.php\/wp-json\/wp\/v2\/users\/1"}],"replies":[{"embeddable":true,"href":"https:\/\/archiy.fr\/index.php\/wp-json\/wp\/v2\/comments?post=1159"}],"version-history":[{"count":3,"href":"https:\/\/archiy.fr\/index.php\/wp-json\/wp\/v2\/pages\/1159\/revisions"}],"predecessor-version":[{"id":1193,"href":"https:\/\/archiy.fr\/index.php\/wp-json\/wp\/v2\/pages\/1159\/revisions\/1193"}],"wp:attachment":[{"href":"https:\/\/archiy.fr\/index.php\/wp-json\/wp\/v2\/media?parent=1159"}],"curies":[{"name":"wp","href":"https:\/\/api.w.org\/{rel}","templated":true}]}}