{"id":1162,"date":"2024-05-15T21:56:04","date_gmt":"2024-05-15T19:56:04","guid":{"rendered":"https:\/\/archiy.fr\/?page_id=1162"},"modified":"2024-05-15T22:23:11","modified_gmt":"2024-05-15T20:23:11","slug":"controle-qualite-et-reception-des-travaux","status":"publish","type":"page","link":"https:\/\/archiy.fr\/index.php\/controle-qualite-et-reception-des-travaux\/","title":{"rendered":"Contr\u00f4le Qualit\u00e9 et R\u00e9ception des Travaux :"},"content":{"rendered":"\n<p><strong>Contr\u00f4le Qualit\u00e9 et R\u00e9ception des Travaux<\/strong> :<\/p>\n\n\n\n<p><\/p>\n\n\n\n<p><strong>Contr\u00f4le de conformit\u00e9<\/strong> :<\/p>\n\n\n\n<ul>\n<li>Effectuer des inspections r\u00e9guli\u00e8res sur le chantier pour v\u00e9rifier la conformit\u00e9 des travaux r\u00e9alis\u00e9s par rapport aux plans, aux sp\u00e9cifications techniques et aux normes de qualit\u00e9 \u00e9tablies.<\/li>\n\n\n\n<li>Identifier les d\u00e9fauts, les erreurs ou les non-conformit\u00e9s et proposer des mesures correctives.<\/li>\n<\/ul>\n\n\n\n<p><strong>Lev\u00e9e des r\u00e9serves<\/strong> :<\/p>\n\n\n\n<ul>\n<li>R\u00e9pertorier et documenter les r\u00e9serves ou les non-conformit\u00e9s identifi\u00e9es lors des inspections.<\/li>\n\n\n\n<li>Coordonner avec les entrepreneurs ou les fournisseurs pour s&rsquo;assurer que les r\u00e9serves sont lev\u00e9es dans les d\u00e9lais impartis.<\/li>\n<\/ul>\n\n\n\n<p><strong>Coordination des op\u00e9rations pr\u00e9alables \u00e0 la r\u00e9ception (OPR)<\/strong> :<\/p>\n\n\n\n<ul>\n<li>Organiser et superviser les op\u00e9rations pr\u00e9alables \u00e0 la r\u00e9ception, qui comprennent les tests et les v\u00e9rifications finales pour s&rsquo;assurer que tous les travaux ont \u00e9t\u00e9 r\u00e9alis\u00e9s conform\u00e9ment aux exigences contractuelles.<\/li>\n\n\n\n<li>V\u00e9rifier la conformit\u00e9 des installations, des \u00e9quipements et des finitions par rapport aux normes et aux sp\u00e9cifications convenues.<\/li>\n<\/ul>\n\n\n\n<p><strong>\u00c9laboration des plans de recollement<\/strong> :<\/p>\n\n\n\n<ul>\n<li>Pr\u00e9parer les plans de recollement finaux qui r\u00e9pertorient tous les travaux r\u00e9alis\u00e9s, les modifications apport\u00e9es et les \u00e9quipements install\u00e9s sur le site.<\/li>\n\n\n\n<li>Assurer l&rsquo;exactitude et la compl\u00e9tude des plans de recollement pour servir de r\u00e9f\u00e9rence lors de la phase de r\u00e9ception finale du projet.<\/li>\n<\/ul>\n\n\n<style>.wp-block-kadence-spacer.kt-block-spacer-1162_131def-e8 .kt-block-spacer{height:60px;}.wp-block-kadence-spacer.kt-block-spacer-1162_131def-e8 .kt-divider{border-top-width:1px;height:1px;border-top-color:#eee;width:80%;border-top-style:solid;}<\/style>\n<div class=\"wp-block-kadence-spacer aligncenter kt-block-spacer-1162_131def-e8\"><div class=\"kt-block-spacer kt-block-spacer-halign-center\"><hr class=\"kt-divider\"\/><\/div><\/div>\n\n\n<style>.wp-block-kadence-advancedbtn.kb-btns1162_16e463-12{gap:var(--global-kb-gap-xs, 0.5rem );justify-content:center;align-items:center;}.kt-btns1162_16e463-12 .kt-button{font-weight:normal;font-style:normal;}.kt-btns1162_16e463-12 .kt-btn-wrap-0{margin-right:5px;}.wp-block-kadence-advancedbtn.kt-btns1162_16e463-12 .kt-btn-wrap-0 .kt-button{color:#555555;border-color:#555555;}.wp-block-kadence-advancedbtn.kt-btns1162_16e463-12 .kt-btn-wrap-0 .kt-button:hover, .wp-block-kadence-advancedbtn.kt-btns1162_16e463-12 .kt-btn-wrap-0 .kt-button:focus{color:#ffffff;border-color:#444444;}.wp-block-kadence-advancedbtn.kt-btns1162_16e463-12 .kt-btn-wrap-0 .kt-button::before{display:none;}.wp-block-kadence-advancedbtn.kt-btns1162_16e463-12 .kt-btn-wrap-0 .kt-button:hover, .wp-block-kadence-advancedbtn.kt-btns1162_16e463-12 .kt-btn-wrap-0 .kt-button:focus{background:#444444;}<\/style>\n<div class=\"wp-block-kadence-advancedbtn kb-buttons-wrap kb-btns1162_16e463-12\"><style>.wp-block-kadence-advancedbtn .kb-btn1162_0942d6-b0.kb-button, ul.menu .wp-block-kadence-advancedbtn .kb-btn1162_0942d6-b0.kb-button{width:200px;}<\/style><a class=\"kb-button kt-button button kb-btn1162_0942d6-b0 kt-btn-size-small kt-btn-width-type-fixed kb-btn-global-fill kt-btn-has-text-true kt-btn-has-svg-false wp-block-kadence-singlebtn\" href=\"https:\/\/archiy.fr\/index.php\/contact\/\"><span class=\"kt-btn-inner-text\"><strong>CONTACT<\/strong><\/span><\/a><\/div>\n\n\n\n<p><\/p>\n","protected":false},"excerpt":{"rendered":"<p>Contr\u00f4le Qualit\u00e9 et R\u00e9ception des Travaux : Contr\u00f4le de conformit\u00e9 : Lev\u00e9e des r\u00e9serves : Coordination des op\u00e9rations pr\u00e9alables \u00e0 la r\u00e9ception (OPR) : \u00c9laboration des plans de recollement :<\/p>\n","protected":false},"author":1,"featured_media":0,"parent":0,"menu_order":0,"comment_status":"closed","ping_status":"closed","template":"","meta":{"_kad_post_transparent":"","_kad_post_title":"","_kad_post_layout":"","_kad_post_sidebar_id":"","_kad_post_content_style":"","_kad_post_vertical_padding":"","_kad_post_feature":"","_kad_post_feature_position":"","_kad_post_header":false,"_kad_post_footer":false,"footnotes":""},"yoast_head":"<!-- This site is optimized with the Yoast SEO plugin v22.7 - https:\/\/yoast.com\/wordpress\/plugins\/seo\/ -->\n<title>Contr\u00f4le Qualit\u00e9 et R\u00e9ception des Travaux : - archiy.fr<\/title>\n<meta name=\"robots\" content=\"index, follow, max-snippet:-1, max-image-preview:large, max-video-preview:-1\" \/>\n<link rel=\"canonical\" href=\"https:\/\/archiy.fr\/index.php\/controle-qualite-et-reception-des-travaux\/\" \/>\n<meta property=\"og:locale\" content=\"fr_FR\" \/>\n<meta property=\"og:type\" content=\"article\" \/>\n<meta property=\"og:title\" content=\"Contr\u00f4le Qualit\u00e9 et R\u00e9ception des Travaux : - archiy.fr\" \/>\n<meta property=\"og:description\" content=\"Contr\u00f4le Qualit\u00e9 et R\u00e9ception des Travaux : Contr\u00f4le de conformit\u00e9 : Lev\u00e9e des r\u00e9serves : Coordination des op\u00e9rations pr\u00e9alables \u00e0 la r\u00e9ception (OPR) : \u00c9laboration des plans de recollement :\" \/>\n<meta property=\"og:url\" content=\"https:\/\/archiy.fr\/index.php\/controle-qualite-et-reception-des-travaux\/\" \/>\n<meta property=\"og:site_name\" content=\"archiy.fr\" \/>\n<meta property=\"article:publisher\" content=\"https:\/\/www.facebook.com\/atelier.archiy\" \/>\n<meta property=\"article:modified_time\" content=\"2024-05-15T20:23:11+00:00\" \/>\n<meta name=\"twitter:card\" content=\"summary_large_image\" \/>\n<script type=\"application\/ld+json\" class=\"yoast-schema-graph\">{\"@context\":\"https:\/\/schema.org\",\"@graph\":[{\"@type\":\"WebPage\",\"@id\":\"https:\/\/archiy.fr\/index.php\/controle-qualite-et-reception-des-travaux\/\",\"url\":\"https:\/\/archiy.fr\/index.php\/controle-qualite-et-reception-des-travaux\/\",\"name\":\"Contr\u00f4le Qualit\u00e9 et R\u00e9ception des Travaux : - archiy.fr\",\"isPartOf\":{\"@id\":\"https:\/\/archiy.fr\/#website\"},\"datePublished\":\"2024-05-15T19:56:04+00:00\",\"dateModified\":\"2024-05-15T20:23:11+00:00\",\"breadcrumb\":{\"@id\":\"https:\/\/archiy.fr\/index.php\/controle-qualite-et-reception-des-travaux\/#breadcrumb\"},\"inLanguage\":\"fr-FR\",\"potentialAction\":[{\"@type\":\"ReadAction\",\"target\":[\"https:\/\/archiy.fr\/index.php\/controle-qualite-et-reception-des-travaux\/\"]}]},{\"@type\":\"BreadcrumbList\",\"@id\":\"https:\/\/archiy.fr\/index.php\/controle-qualite-et-reception-des-travaux\/#breadcrumb\",\"itemListElement\":[{\"@type\":\"ListItem\",\"position\":1,\"name\":\"Accueil\",\"item\":\"https:\/\/archiy.fr\/\"},{\"@type\":\"ListItem\",\"position\":2,\"name\":\"Contr\u00f4le Qualit\u00e9 et R\u00e9ception des Travaux :\"}]},{\"@type\":\"WebSite\",\"@id\":\"https:\/\/archiy.fr\/#website\",\"url\":\"https:\/\/archiy.fr\/\",\"name\":\"archiy.fr\",\"description\":\"Architecte d&#039;int\u00e9rieur, d\u00e9corateur, designer d&#039;int\u00e9rieurs\",\"publisher\":{\"@id\":\"https:\/\/archiy.fr\/#organization\"},\"potentialAction\":[{\"@type\":\"SearchAction\",\"target\":{\"@type\":\"EntryPoint\",\"urlTemplate\":\"https:\/\/archiy.fr\/?s={search_term_string}\"},\"query-input\":\"required name=search_term_string\"}],\"inLanguage\":\"fr-FR\"},{\"@type\":\"Organization\",\"@id\":\"https:\/\/archiy.fr\/#organization\",\"name\":\"Archiy\",\"url\":\"https:\/\/archiy.fr\/\",\"logo\":{\"@type\":\"ImageObject\",\"inLanguage\":\"fr-FR\",\"@id\":\"https:\/\/archiy.fr\/#\/schema\/logo\/image\/\",\"url\":\"https:\/\/archiy.fr\/wp-content\/uploads\/2024\/03\/cropped-Archiy-Logo-1.png\",\"contentUrl\":\"https:\/\/archiy.fr\/wp-content\/uploads\/2024\/03\/cropped-Archiy-Logo-1.png\",\"width\":2168,\"height\":868,\"caption\":\"Archiy\"},\"image\":{\"@id\":\"https:\/\/archiy.fr\/#\/schema\/logo\/image\/\"},\"sameAs\":[\"https:\/\/www.facebook.com\/atelier.archiy\"]}]}<\/script>\n<!-- \/ Yoast SEO plugin. -->","yoast_head_json":{"title":"Contr\u00f4le Qualit\u00e9 et R\u00e9ception des Travaux : - archiy.fr","robots":{"index":"index","follow":"follow","max-snippet":"max-snippet:-1","max-image-preview":"max-image-preview:large","max-video-preview":"max-video-preview:-1"},"canonical":"https:\/\/archiy.fr\/index.php\/controle-qualite-et-reception-des-travaux\/","og_locale":"fr_FR","og_type":"article","og_title":"Contr\u00f4le Qualit\u00e9 et R\u00e9ception des Travaux : - archiy.fr","og_description":"Contr\u00f4le Qualit\u00e9 et R\u00e9ception des Travaux : Contr\u00f4le de conformit\u00e9 : Lev\u00e9e des r\u00e9serves : Coordination des op\u00e9rations pr\u00e9alables \u00e0 la r\u00e9ception (OPR) : \u00c9laboration des plans de recollement :","og_url":"https:\/\/archiy.fr\/index.php\/controle-qualite-et-reception-des-travaux\/","og_site_name":"archiy.fr","article_publisher":"https:\/\/www.facebook.com\/atelier.archiy","article_modified_time":"2024-05-15T20:23:11+00:00","twitter_card":"summary_large_image","schema":{"@context":"https:\/\/schema.org","@graph":[{"@type":"WebPage","@id":"https:\/\/archiy.fr\/index.php\/controle-qualite-et-reception-des-travaux\/","url":"https:\/\/archiy.fr\/index.php\/controle-qualite-et-reception-des-travaux\/","name":"Contr\u00f4le Qualit\u00e9 et R\u00e9ception des Travaux : - archiy.fr","isPartOf":{"@id":"https:\/\/archiy.fr\/#website"},"datePublished":"2024-05-15T19:56:04+00:00","dateModified":"2024-05-15T20:23:11+00:00","breadcrumb":{"@id":"https:\/\/archiy.fr\/index.php\/controle-qualite-et-reception-des-travaux\/#breadcrumb"},"inLanguage":"fr-FR","potentialAction":[{"@type":"ReadAction","target":["https:\/\/archiy.fr\/index.php\/controle-qualite-et-reception-des-travaux\/"]}]},{"@type":"BreadcrumbList","@id":"https:\/\/archiy.fr\/index.php\/controle-qualite-et-reception-des-travaux\/#breadcrumb","itemListElement":[{"@type":"ListItem","position":1,"name":"Accueil","item":"https:\/\/archiy.fr\/"},{"@type":"ListItem","position":2,"name":"Contr\u00f4le Qualit\u00e9 et R\u00e9ception des Travaux :"}]},{"@type":"WebSite","@id":"https:\/\/archiy.fr\/#website","url":"https:\/\/archiy.fr\/","name":"archiy.fr","description":"Architecte d&#039;int\u00e9rieur, d\u00e9corateur, designer d&#039;int\u00e9rieurs","publisher":{"@id":"https:\/\/archiy.fr\/#organization"},"potentialAction":[{"@type":"SearchAction","target":{"@type":"EntryPoint","urlTemplate":"https:\/\/archiy.fr\/?s={search_term_string}"},"query-input":"required name=search_term_string"}],"inLanguage":"fr-FR"},{"@type":"Organization","@id":"https:\/\/archiy.fr\/#organization","name":"Archiy","url":"https:\/\/archiy.fr\/","logo":{"@type":"ImageObject","inLanguage":"fr-FR","@id":"https:\/\/archiy.fr\/#\/schema\/logo\/image\/","url":"https:\/\/archiy.fr\/wp-content\/uploads\/2024\/03\/cropped-Archiy-Logo-1.png","contentUrl":"https:\/\/archiy.fr\/wp-content\/uploads\/2024\/03\/cropped-Archiy-Logo-1.png","width":2168,"height":868,"caption":"Archiy"},"image":{"@id":"https:\/\/archiy.fr\/#\/schema\/logo\/image\/"},"sameAs":["https:\/\/www.facebook.com\/atelier.archiy"]}]}},"_links":{"self":[{"href":"https:\/\/archiy.fr\/index.php\/wp-json\/wp\/v2\/pages\/1162"}],"collection":[{"href":"https:\/\/archiy.fr\/index.php\/wp-json\/wp\/v2\/pages"}],"about":[{"href":"https:\/\/archiy.fr\/index.php\/wp-json\/wp\/v2\/types\/page"}],"author":[{"embeddable":true,"href":"https:\/\/archiy.fr\/index.php\/wp-json\/wp\/v2\/users\/1"}],"replies":[{"embeddable":true,"href":"https:\/\/archiy.fr\/index.php\/wp-json\/wp\/v2\/comments?post=1162"}],"version-history":[{"count":3,"href":"https:\/\/archiy.fr\/index.php\/wp-json\/wp\/v2\/pages\/1162\/revisions"}],"predecessor-version":[{"id":1194,"href":"https:\/\/archiy.fr\/index.php\/wp-json\/wp\/v2\/pages\/1162\/revisions\/1194"}],"wp:attachment":[{"href":"https:\/\/archiy.fr\/index.php\/wp-json\/wp\/v2\/media?parent=1162"}],"curies":[{"name":"wp","href":"https:\/\/api.w.org\/{rel}","templated":true}]}}