{"id":1229,"date":"2024-05-17T15:51:57","date_gmt":"2024-05-17T13:51:57","guid":{"rendered":"https:\/\/archiy.fr\/?page_id=1229"},"modified":"2024-05-21T08:46:43","modified_gmt":"2024-05-21T06:46:43","slug":"services","status":"publish","type":"page","link":"https:\/\/archiy.fr\/index.php\/services\/","title":{"rendered":"Services"},"content":{"rendered":"\n<p>Archiy propose une gamme compl\u00e8te de services d&rsquo;architecture aux <strong>particuliers<\/strong> et <strong>professionnels de la construction<\/strong> ainsi qu&rsquo;aux <strong>agences immobili\u00e8res<\/strong> qui visent \u00e0 valoriser les biens et maximiser leur attractivit\u00e9.<\/p>\n\n\n\n<p>Voir ces services :<\/p>\n\n\n<style>.kb-row-layout-id1229_38b885-4a > .kt-row-column-wrap{align-content:start;}:where(.kb-row-layout-id1229_38b885-4a > .kt-row-column-wrap) > .wp-block-kadence-column{justify-content:start;}.kb-row-layout-id1229_38b885-4a > .kt-row-column-wrap{column-gap:var(--global-kb-gap-md, 2rem);row-gap:var(--global-kb-gap-md, 2rem);padding-top:var(--global-kb-spacing-sm, 1.5rem);padding-bottom:var(--global-kb-spacing-sm, 1.5rem);grid-template-columns:repeat(2, minmax(0, 1fr));}.kb-row-layout-id1229_38b885-4a > .kt-row-layout-overlay{opacity:0.30;}@media all and (max-width: 1024px){.kb-row-layout-id1229_38b885-4a > .kt-row-column-wrap{grid-template-columns:repeat(2, minmax(0, 1fr));}}@media all and (max-width: 767px){.kb-row-layout-id1229_38b885-4a > .kt-row-column-wrap{grid-template-columns:minmax(0, 1fr);}}<\/style><div class=\"kb-row-layout-wrap kb-row-layout-id1229_38b885-4a alignnone wp-block-kadence-rowlayout\"><div class=\"kt-row-column-wrap kt-has-2-columns kt-row-layout-equal kt-tab-layout-inherit kt-mobile-layout-row kt-row-valign-top\">\n<style>.kadence-column1229_c3b8b3-6c > .kt-inside-inner-col,.kadence-column1229_c3b8b3-6c > .kt-inside-inner-col:before{border-top-left-radius:0px;border-top-right-radius:0px;border-bottom-right-radius:0px;border-bottom-left-radius:0px;}.kadence-column1229_c3b8b3-6c > .kt-inside-inner-col{column-gap:var(--global-kb-gap-sm, 1rem);}.kadence-column1229_c3b8b3-6c > .kt-inside-inner-col{flex-direction:column;}.kadence-column1229_c3b8b3-6c > .kt-inside-inner-col > .aligncenter{width:100%;}.kadence-column1229_c3b8b3-6c > .kt-inside-inner-col:before{opacity:0.3;}.kadence-column1229_c3b8b3-6c{position:relative;}@media all and (max-width: 1024px){.kadence-column1229_c3b8b3-6c > .kt-inside-inner-col{flex-direction:column;justify-content:center;}}@media all and (max-width: 767px){.kadence-column1229_c3b8b3-6c > .kt-inside-inner-col{flex-direction:column;justify-content:center;}}<\/style>\n<div class=\"wp-block-kadence-column kadence-column1229_c3b8b3-6c\"><div class=\"kt-inside-inner-col\"><style>.kb-image1229_563856-88 .kb-image-has-overlay:after{opacity:0.3;}<\/style>\n<figure class=\"wp-block-kadence-image kb-image1229_563856-88 size-large\"><img loading=\"lazy\" decoding=\"async\" width=\"1018\" height=\"1024\" src=\"https:\/\/archiy.fr\/wp-content\/uploads\/2024\/05\/Particuliers-et-professionnels-de-la-construction-1-1018x1024.jpg\" alt=\"\" class=\"kb-img wp-image-1232\" srcset=\"https:\/\/archiy.fr\/wp-content\/uploads\/2024\/05\/Particuliers-et-professionnels-de-la-construction-1-1018x1024.jpg 1018w, https:\/\/archiy.fr\/wp-content\/uploads\/2024\/05\/Particuliers-et-professionnels-de-la-construction-1-298x300.jpg 298w, https:\/\/archiy.fr\/wp-content\/uploads\/2024\/05\/Particuliers-et-professionnels-de-la-construction-1-150x150.jpg 150w, https:\/\/archiy.fr\/wp-content\/uploads\/2024\/05\/Particuliers-et-professionnels-de-la-construction-1-768x772.jpg 768w, https:\/\/archiy.fr\/wp-content\/uploads\/2024\/05\/Particuliers-et-professionnels-de-la-construction-1.jpg 1198w\" sizes=\"(max-width: 1018px) 100vw, 1018px\" \/><\/figure>\n\n\n<style>.wp-block-kadence-advancedbtn.kb-btns1229_421259-fb{gap:var(--global-kb-gap-xs, 0.5rem );justify-content:center;align-items:center;}.kt-btns1229_421259-fb .kt-button{font-weight:normal;font-style:normal;}.kt-btns1229_421259-fb .kt-btn-wrap-0{margin-right:5px;}.wp-block-kadence-advancedbtn.kt-btns1229_421259-fb .kt-btn-wrap-0 .kt-button{color:#555555;border-color:#555555;}.wp-block-kadence-advancedbtn.kt-btns1229_421259-fb .kt-btn-wrap-0 .kt-button:hover, .wp-block-kadence-advancedbtn.kt-btns1229_421259-fb .kt-btn-wrap-0 .kt-button:focus{color:#ffffff;border-color:#444444;}.wp-block-kadence-advancedbtn.kt-btns1229_421259-fb .kt-btn-wrap-0 .kt-button::before{display:none;}.wp-block-kadence-advancedbtn.kt-btns1229_421259-fb .kt-btn-wrap-0 .kt-button:hover, .wp-block-kadence-advancedbtn.kt-btns1229_421259-fb .kt-btn-wrap-0 .kt-button:focus{background:#444444;}<\/style>\n<div class=\"wp-block-kadence-advancedbtn kb-buttons-wrap kb-btns1229_421259-fb\"><style>.wp-block-kadence-advancedbtn .kb-btn1229_532232-2e.kb-button, ul.menu .wp-block-kadence-advancedbtn .kb-btn1229_532232-2e.kb-button{width:350px;}<\/style><a class=\"kb-button kt-button button kb-btn1229_532232-2e kt-btn-size-small kt-btn-width-type-fixed kb-btn-global-fill kt-btn-has-text-true kt-btn-has-svg-false wp-block-kadence-singlebtn\" href=\"https:\/\/archiy.fr\/index.php\/particuliers-archi-moe\/\"><span class=\"kt-btn-inner-text\"><strong>PARTICULIERS, ARCHITECTES, MOE<\/strong><\/span><\/a><\/div>\n<\/div><\/div>\n\n\n<style>.kadence-column1229_40dd06-ae > .kt-inside-inner-col,.kadence-column1229_40dd06-ae > .kt-inside-inner-col:before{border-top-left-radius:0px;border-top-right-radius:0px;border-bottom-right-radius:0px;border-bottom-left-radius:0px;}.kadence-column1229_40dd06-ae > .kt-inside-inner-col{column-gap:var(--global-kb-gap-sm, 1rem);}.kadence-column1229_40dd06-ae > .kt-inside-inner-col{flex-direction:column;}.kadence-column1229_40dd06-ae > .kt-inside-inner-col > .aligncenter{width:100%;}.kadence-column1229_40dd06-ae > .kt-inside-inner-col:before{opacity:0.3;}.kadence-column1229_40dd06-ae{position:relative;}@media all and (max-width: 1024px){.kadence-column1229_40dd06-ae > .kt-inside-inner-col{flex-direction:column;justify-content:center;}}@media all and (max-width: 767px){.kadence-column1229_40dd06-ae > .kt-inside-inner-col{flex-direction:column;justify-content:center;}}<\/style>\n<div class=\"wp-block-kadence-column kadence-column1229_40dd06-ae\"><div class=\"kt-inside-inner-col\"><style>.kb-image1229_247f83-8c .kb-image-has-overlay:after{opacity:0.3;}<\/style>\n<figure class=\"wp-block-kadence-image kb-image1229_247f83-8c size-large\"><img loading=\"lazy\" decoding=\"async\" width=\"1018\" height=\"1024\" src=\"https:\/\/archiy.fr\/wp-content\/uploads\/2024\/05\/Agences-Immobilieres-1-1018x1024.jpg\" alt=\"\" class=\"kb-img wp-image-1233\" srcset=\"https:\/\/archiy.fr\/wp-content\/uploads\/2024\/05\/Agences-Immobilieres-1-1018x1024.jpg 1018w, https:\/\/archiy.fr\/wp-content\/uploads\/2024\/05\/Agences-Immobilieres-1-298x300.jpg 298w, https:\/\/archiy.fr\/wp-content\/uploads\/2024\/05\/Agences-Immobilieres-1-150x150.jpg 150w, https:\/\/archiy.fr\/wp-content\/uploads\/2024\/05\/Agences-Immobilieres-1-768x772.jpg 768w, https:\/\/archiy.fr\/wp-content\/uploads\/2024\/05\/Agences-Immobilieres-1.jpg 1198w\" sizes=\"(max-width: 1018px) 100vw, 1018px\" \/><\/figure>\n\n\n<style>.wp-block-kadence-advancedbtn.kb-btns1229_e7f67a-12{gap:var(--global-kb-gap-xs, 0.5rem );justify-content:center;align-items:center;}.kt-btns1229_e7f67a-12 .kt-button{font-weight:normal;font-style:normal;}.kt-btns1229_e7f67a-12 .kt-btn-wrap-0{margin-right:5px;}.wp-block-kadence-advancedbtn.kt-btns1229_e7f67a-12 .kt-btn-wrap-0 .kt-button{color:#555555;border-color:#555555;}.wp-block-kadence-advancedbtn.kt-btns1229_e7f67a-12 .kt-btn-wrap-0 .kt-button:hover, .wp-block-kadence-advancedbtn.kt-btns1229_e7f67a-12 .kt-btn-wrap-0 .kt-button:focus{color:#ffffff;border-color:#444444;}.wp-block-kadence-advancedbtn.kt-btns1229_e7f67a-12 .kt-btn-wrap-0 .kt-button::before{display:none;}.wp-block-kadence-advancedbtn.kt-btns1229_e7f67a-12 .kt-btn-wrap-0 .kt-button:hover, .wp-block-kadence-advancedbtn.kt-btns1229_e7f67a-12 .kt-btn-wrap-0 .kt-button:focus{background:#444444;}<\/style>\n<div class=\"wp-block-kadence-advancedbtn kb-buttons-wrap kb-btns1229_e7f67a-12\"><style>.wp-block-kadence-advancedbtn .kb-btn1229_6fc425-3a.kb-button, ul.menu .wp-block-kadence-advancedbtn .kb-btn1229_6fc425-3a.kb-button{width:300px;}<\/style><a class=\"kb-button kt-button button kb-btn1229_6fc425-3a kt-btn-size-small kt-btn-width-type-fixed kb-btn-global-fill kt-btn-has-text-true kt-btn-has-svg-false wp-block-kadence-singlebtn\" href=\"https:\/\/archiy.fr\/index.php\/agents-immobiliers\/\"><span class=\"kt-btn-inner-text\"><strong>AGENTS IMMOBILIERS <\/strong><\/span><\/a><\/div>\n<\/div><\/div>\n\n<\/div><\/div>","protected":false},"excerpt":{"rendered":"<p>Archiy propose une gamme compl\u00e8te de services d&rsquo;architecture aux particuliers et professionnels de la construction ainsi qu&rsquo;aux agences immobili\u00e8res qui visent \u00e0 valoriser les biens et maximiser leur attractivit\u00e9. Voir ces services :<\/p>\n","protected":false},"author":1,"featured_media":0,"parent":0,"menu_order":0,"comment_status":"closed","ping_status":"closed","template":"","meta":{"_kad_post_transparent":"","_kad_post_title":"","_kad_post_layout":"","_kad_post_sidebar_id":"","_kad_post_content_style":"","_kad_post_vertical_padding":"","_kad_post_feature":"","_kad_post_feature_position":"","_kad_post_header":false,"_kad_post_footer":false,"footnotes":""},"yoast_head":"<!-- This site is optimized with the Yoast SEO plugin v22.7 - https:\/\/yoast.com\/wordpress\/plugins\/seo\/ -->\n<title>Services - archiy.fr<\/title>\n<meta name=\"robots\" content=\"index, follow, max-snippet:-1, max-image-preview:large, max-video-preview:-1\" \/>\n<link rel=\"canonical\" href=\"https:\/\/archiy.fr\/index.php\/services\/\" \/>\n<meta property=\"og:locale\" content=\"fr_FR\" \/>\n<meta property=\"og:type\" content=\"article\" \/>\n<meta property=\"og:title\" content=\"Services - archiy.fr\" \/>\n<meta property=\"og:description\" content=\"Archiy propose une gamme compl\u00e8te de services d&rsquo;architecture aux particuliers et professionnels de la construction ainsi qu&rsquo;aux agences immobili\u00e8res qui visent \u00e0 valoriser les biens et maximiser leur attractivit\u00e9. Voir ces services :\" \/>\n<meta property=\"og:url\" content=\"https:\/\/archiy.fr\/index.php\/services\/\" \/>\n<meta property=\"og:site_name\" content=\"archiy.fr\" \/>\n<meta property=\"article:publisher\" content=\"https:\/\/www.facebook.com\/atelier.archiy\" \/>\n<meta property=\"article:modified_time\" content=\"2024-05-21T06:46:43+00:00\" \/>\n<meta property=\"og:image\" content=\"https:\/\/archiy.fr\/wp-content\/uploads\/2024\/05\/Particuliers-et-professionnels-de-la-construction-1-1018x1024.jpg\" \/>\n<meta name=\"twitter:card\" content=\"summary_large_image\" \/>\n<meta name=\"twitter:label1\" content=\"Dur\u00e9e de lecture estim\u00e9e\" \/>\n\t<meta name=\"twitter:data1\" content=\"1 minute\" \/>\n<script type=\"application\/ld+json\" class=\"yoast-schema-graph\">{\"@context\":\"https:\/\/schema.org\",\"@graph\":[{\"@type\":\"WebPage\",\"@id\":\"https:\/\/archiy.fr\/index.php\/services\/\",\"url\":\"https:\/\/archiy.fr\/index.php\/services\/\",\"name\":\"Services - archiy.fr\",\"isPartOf\":{\"@id\":\"https:\/\/archiy.fr\/#website\"},\"primaryImageOfPage\":{\"@id\":\"https:\/\/archiy.fr\/index.php\/services\/#primaryimage\"},\"image\":{\"@id\":\"https:\/\/archiy.fr\/index.php\/services\/#primaryimage\"},\"thumbnailUrl\":\"https:\/\/archiy.fr\/wp-content\/uploads\/2024\/05\/Particuliers-et-professionnels-de-la-construction-1-1018x1024.jpg\",\"datePublished\":\"2024-05-17T13:51:57+00:00\",\"dateModified\":\"2024-05-21T06:46:43+00:00\",\"breadcrumb\":{\"@id\":\"https:\/\/archiy.fr\/index.php\/services\/#breadcrumb\"},\"inLanguage\":\"fr-FR\",\"potentialAction\":[{\"@type\":\"ReadAction\",\"target\":[\"https:\/\/archiy.fr\/index.php\/services\/\"]}]},{\"@type\":\"ImageObject\",\"inLanguage\":\"fr-FR\",\"@id\":\"https:\/\/archiy.fr\/index.php\/services\/#primaryimage\",\"url\":\"https:\/\/archiy.fr\/wp-content\/uploads\/2024\/05\/Particuliers-et-professionnels-de-la-construction-1.jpg\",\"contentUrl\":\"https:\/\/archiy.fr\/wp-content\/uploads\/2024\/05\/Particuliers-et-professionnels-de-la-construction-1.jpg\",\"width\":1198,\"height\":1205},{\"@type\":\"BreadcrumbList\",\"@id\":\"https:\/\/archiy.fr\/index.php\/services\/#breadcrumb\",\"itemListElement\":[{\"@type\":\"ListItem\",\"position\":1,\"name\":\"Accueil\",\"item\":\"https:\/\/archiy.fr\/\"},{\"@type\":\"ListItem\",\"position\":2,\"name\":\"Services\"}]},{\"@type\":\"WebSite\",\"@id\":\"https:\/\/archiy.fr\/#website\",\"url\":\"https:\/\/archiy.fr\/\",\"name\":\"archiy.fr\",\"description\":\"Architecte d&#039;int\u00e9rieur, d\u00e9corateur, designer d&#039;int\u00e9rieurs\",\"publisher\":{\"@id\":\"https:\/\/archiy.fr\/#organization\"},\"potentialAction\":[{\"@type\":\"SearchAction\",\"target\":{\"@type\":\"EntryPoint\",\"urlTemplate\":\"https:\/\/archiy.fr\/?s={search_term_string}\"},\"query-input\":\"required name=search_term_string\"}],\"inLanguage\":\"fr-FR\"},{\"@type\":\"Organization\",\"@id\":\"https:\/\/archiy.fr\/#organization\",\"name\":\"Archiy\",\"url\":\"https:\/\/archiy.fr\/\",\"logo\":{\"@type\":\"ImageObject\",\"inLanguage\":\"fr-FR\",\"@id\":\"https:\/\/archiy.fr\/#\/schema\/logo\/image\/\",\"url\":\"https:\/\/archiy.fr\/wp-content\/uploads\/2024\/03\/cropped-Archiy-Logo-1.png\",\"contentUrl\":\"https:\/\/archiy.fr\/wp-content\/uploads\/2024\/03\/cropped-Archiy-Logo-1.png\",\"width\":2168,\"height\":868,\"caption\":\"Archiy\"},\"image\":{\"@id\":\"https:\/\/archiy.fr\/#\/schema\/logo\/image\/\"},\"sameAs\":[\"https:\/\/www.facebook.com\/atelier.archiy\"]}]}<\/script>\n<!-- \/ Yoast SEO plugin. -->","yoast_head_json":{"title":"Services - archiy.fr","robots":{"index":"index","follow":"follow","max-snippet":"max-snippet:-1","max-image-preview":"max-image-preview:large","max-video-preview":"max-video-preview:-1"},"canonical":"https:\/\/archiy.fr\/index.php\/services\/","og_locale":"fr_FR","og_type":"article","og_title":"Services - archiy.fr","og_description":"Archiy propose une gamme compl\u00e8te de services d&rsquo;architecture aux particuliers et professionnels de la construction ainsi qu&rsquo;aux agences immobili\u00e8res qui visent \u00e0 valoriser les biens et maximiser leur attractivit\u00e9. Voir ces services :","og_url":"https:\/\/archiy.fr\/index.php\/services\/","og_site_name":"archiy.fr","article_publisher":"https:\/\/www.facebook.com\/atelier.archiy","article_modified_time":"2024-05-21T06:46:43+00:00","og_image":[{"url":"https:\/\/archiy.fr\/wp-content\/uploads\/2024\/05\/Particuliers-et-professionnels-de-la-construction-1-1018x1024.jpg"}],"twitter_card":"summary_large_image","twitter_misc":{"Dur\u00e9e de lecture estim\u00e9e":"1 minute"},"schema":{"@context":"https:\/\/schema.org","@graph":[{"@type":"WebPage","@id":"https:\/\/archiy.fr\/index.php\/services\/","url":"https:\/\/archiy.fr\/index.php\/services\/","name":"Services - archiy.fr","isPartOf":{"@id":"https:\/\/archiy.fr\/#website"},"primaryImageOfPage":{"@id":"https:\/\/archiy.fr\/index.php\/services\/#primaryimage"},"image":{"@id":"https:\/\/archiy.fr\/index.php\/services\/#primaryimage"},"thumbnailUrl":"https:\/\/archiy.fr\/wp-content\/uploads\/2024\/05\/Particuliers-et-professionnels-de-la-construction-1-1018x1024.jpg","datePublished":"2024-05-17T13:51:57+00:00","dateModified":"2024-05-21T06:46:43+00:00","breadcrumb":{"@id":"https:\/\/archiy.fr\/index.php\/services\/#breadcrumb"},"inLanguage":"fr-FR","potentialAction":[{"@type":"ReadAction","target":["https:\/\/archiy.fr\/index.php\/services\/"]}]},{"@type":"ImageObject","inLanguage":"fr-FR","@id":"https:\/\/archiy.fr\/index.php\/services\/#primaryimage","url":"https:\/\/archiy.fr\/wp-content\/uploads\/2024\/05\/Particuliers-et-professionnels-de-la-construction-1.jpg","contentUrl":"https:\/\/archiy.fr\/wp-content\/uploads\/2024\/05\/Particuliers-et-professionnels-de-la-construction-1.jpg","width":1198,"height":1205},{"@type":"BreadcrumbList","@id":"https:\/\/archiy.fr\/index.php\/services\/#breadcrumb","itemListElement":[{"@type":"ListItem","position":1,"name":"Accueil","item":"https:\/\/archiy.fr\/"},{"@type":"ListItem","position":2,"name":"Services"}]},{"@type":"WebSite","@id":"https:\/\/archiy.fr\/#website","url":"https:\/\/archiy.fr\/","name":"archiy.fr","description":"Architecte d&#039;int\u00e9rieur, d\u00e9corateur, designer d&#039;int\u00e9rieurs","publisher":{"@id":"https:\/\/archiy.fr\/#organization"},"potentialAction":[{"@type":"SearchAction","target":{"@type":"EntryPoint","urlTemplate":"https:\/\/archiy.fr\/?s={search_term_string}"},"query-input":"required name=search_term_string"}],"inLanguage":"fr-FR"},{"@type":"Organization","@id":"https:\/\/archiy.fr\/#organization","name":"Archiy","url":"https:\/\/archiy.fr\/","logo":{"@type":"ImageObject","inLanguage":"fr-FR","@id":"https:\/\/archiy.fr\/#\/schema\/logo\/image\/","url":"https:\/\/archiy.fr\/wp-content\/uploads\/2024\/03\/cropped-Archiy-Logo-1.png","contentUrl":"https:\/\/archiy.fr\/wp-content\/uploads\/2024\/03\/cropped-Archiy-Logo-1.png","width":2168,"height":868,"caption":"Archiy"},"image":{"@id":"https:\/\/archiy.fr\/#\/schema\/logo\/image\/"},"sameAs":["https:\/\/www.facebook.com\/atelier.archiy"]}]}},"_links":{"self":[{"href":"https:\/\/archiy.fr\/index.php\/wp-json\/wp\/v2\/pages\/1229"}],"collection":[{"href":"https:\/\/archiy.fr\/index.php\/wp-json\/wp\/v2\/pages"}],"about":[{"href":"https:\/\/archiy.fr\/index.php\/wp-json\/wp\/v2\/types\/page"}],"author":[{"embeddable":true,"href":"https:\/\/archiy.fr\/index.php\/wp-json\/wp\/v2\/users\/1"}],"replies":[{"embeddable":true,"href":"https:\/\/archiy.fr\/index.php\/wp-json\/wp\/v2\/comments?post=1229"}],"version-history":[{"count":8,"href":"https:\/\/archiy.fr\/index.php\/wp-json\/wp\/v2\/pages\/1229\/revisions"}],"predecessor-version":[{"id":1249,"href":"https:\/\/archiy.fr\/index.php\/wp-json\/wp\/v2\/pages\/1229\/revisions\/1249"}],"wp:attachment":[{"href":"https:\/\/archiy.fr\/index.php\/wp-json\/wp\/v2\/media?parent=1229"}],"curies":[{"name":"wp","href":"https:\/\/api.w.org\/{rel}","templated":true}]}}