{"id":15,"date":"2024-03-26T19:39:03","date_gmt":"2024-03-26T18:39:03","guid":{"rendered":"https:\/\/archiy.fr\/?page_id=15"},"modified":"2024-05-21T16:23:52","modified_gmt":"2024-05-21T14:23:52","slug":"a-propos","status":"publish","type":"page","link":"https:\/\/archiy.fr\/index.php\/a-propos\/","title":{"rendered":"A propos"},"content":{"rendered":"<style>.wp-block-kadence-spacer.kt-block-spacer-15_e6531b-b0 .kt-block-spacer{height:75px;}.wp-block-kadence-spacer.kt-block-spacer-15_e6531b-b0 .kt-divider{border-top-width:1px;height:1px;border-top-color:var(--global-palette1, #3182CE);width:80%;border-top-style:solid;}<\/style>\n<div class=\"wp-block-kadence-spacer aligncenter kt-block-spacer-15_e6531b-b0\"><div class=\"kt-block-spacer kt-block-spacer-halign-center\"><hr class=\"kt-divider\"\/><\/div><\/div>\n\n\n<style>.kb-row-layout-id15_6c580a-7e > .kt-row-column-wrap{align-content:start;}:where(.kb-row-layout-id15_6c580a-7e > .kt-row-column-wrap) > .wp-block-kadence-column{justify-content:start;}.kb-row-layout-id15_6c580a-7e > .kt-row-column-wrap{column-gap:var(--global-kb-gap-md, 2rem);row-gap:var(--global-kb-gap-md, 2rem);padding-top:var(--global-kb-spacing-sm, 1.5rem);padding-bottom:var(--global-kb-spacing-md, 2rem);grid-template-columns:minmax(0, 2fr) minmax(0, 1fr);}.kb-row-layout-id15_6c580a-7e > .kt-row-layout-overlay{opacity:0.30;}@media all and (max-width: 1024px){.kb-row-layout-id15_6c580a-7e > .kt-row-column-wrap{grid-template-columns:minmax(0, 2fr) minmax(0, 1fr);}}@media all and (max-width: 767px){.kb-row-layout-id15_6c580a-7e > .kt-row-column-wrap{grid-template-columns:minmax(0, 1fr);}}<\/style><div class=\"kb-row-layout-wrap kb-row-layout-id15_6c580a-7e alignnone wp-block-kadence-rowlayout\"><div class=\"kt-row-column-wrap kt-has-2-columns kt-row-layout-left-golden kt-tab-layout-inherit kt-mobile-layout-row kt-row-valign-top\">\n<style>.kadence-column15_b35417-2e > .kt-inside-inner-col{display:flex;}.kadence-column15_b35417-2e > .kt-inside-inner-col,.kadence-column15_b35417-2e > .kt-inside-inner-col:before{border-top-left-radius:0px;border-top-right-radius:0px;border-bottom-right-radius:0px;border-bottom-left-radius:0px;}.kadence-column15_b35417-2e > .kt-inside-inner-col{column-gap:var(--global-kb-gap-sm, 1rem);}.kadence-column15_b35417-2e > .kt-inside-inner-col{flex-direction:column;justify-content:center;}.kadence-column15_b35417-2e > .kt-inside-inner-col > .aligncenter{width:100%;}.kt-row-column-wrap > .kadence-column15_b35417-2e{align-self:center;}.kt-inner-column-height-full:not(.kt-has-1-columns) > .wp-block-kadence-column.kadence-column15_b35417-2e{align-self:auto;}.kt-inner-column-height-full:not(.kt-has-1-columns) > .wp-block-kadence-column.kadence-column15_b35417-2e > .kt-inside-inner-col{flex-direction:column;justify-content:center;}.kadence-column15_b35417-2e > .kt-inside-inner-col:before{opacity:0.3;}.kadence-column15_b35417-2e{position:relative;}@media all and (max-width: 1024px){.kt-row-column-wrap > .kadence-column15_b35417-2e{align-self:center;}}@media all and (max-width: 1024px){.kt-inner-column-height-full:not(.kt-has-1-columns) > .wp-block-kadence-column.kadence-column15_b35417-2e{align-self:auto;}}@media all and (max-width: 1024px){.kt-inner-column-height-full:not(.kt-has-1-columns) > .wp-block-kadence-column.kadence-column15_b35417-2e > .kt-inside-inner-col{flex-direction:column;justify-content:center;}}@media all and (max-width: 1024px){.kadence-column15_b35417-2e > .kt-inside-inner-col{flex-direction:column;justify-content:center;}}@media all and (max-width: 767px){.kt-row-column-wrap > .kadence-column15_b35417-2e{align-self:center;}.kt-inner-column-height-full:not(.kt-has-1-columns) > .wp-block-kadence-column.kadence-column15_b35417-2e{align-self:auto;}.kt-inner-column-height-full:not(.kt-has-1-columns) > .wp-block-kadence-column.kadence-column15_b35417-2e > .kt-inside-inner-col{flex-direction:column;justify-content:center;}.kadence-column15_b35417-2e > .kt-inside-inner-col{flex-direction:column;justify-content:center;}}<\/style>\n<div class=\"wp-block-kadence-column kadence-column15_b35417-2e\"><div class=\"kt-inside-inner-col\">\n<p><em>\u00a0\u00bb Form\u00e9 en BTS B\u00e2timent puis \u00e0 l&rsquo;\u00e9cole d&rsquo;architecture de Paris La Villette, je nourri mon attrait pour les projets de r\u00e9novation, construction, architecture et d\u00e9coration. J\u2019appr\u00e9cie et suis attentif \u00e0 l\u2019histoire d\u2019un lieu, d\u2019une b\u00e2tisse, d\u2019un d\u00e9cor et de ses personnes. Attir\u00e9 par les visions nouvelles, les expertises et les pens\u00e9es qui se croisent, celles qui se rejoignent, qui construisent une id\u00e9e qui f\u00e9d\u00e8rent, j\u2019essaie chaque jour de mieux conscientiser l\u2019\u00e9poque dans laquelle nous vivons\u00a0; ses enjeux et objectifs. L\u2019approche \u00e9cologique d\u2019une construction ou d\u2019une r\u00e9novation, la dimension immobili\u00e8re et sociale d\u2019un bien ; son caract\u00e8re, \u00e9conomique, urbain et bien s\u00fbr architectural \u00ab\u00a0<\/em><\/p>\n<\/div><\/div>\n\n\n<style>.kadence-column15_8287f8-fc > .kt-inside-inner-col,.kadence-column15_8287f8-fc > .kt-inside-inner-col:before{border-top-left-radius:0px;border-top-right-radius:0px;border-bottom-right-radius:0px;border-bottom-left-radius:0px;}.kadence-column15_8287f8-fc > .kt-inside-inner-col{column-gap:var(--global-kb-gap-sm, 1rem);}.kadence-column15_8287f8-fc > .kt-inside-inner-col{flex-direction:column;}.kadence-column15_8287f8-fc > .kt-inside-inner-col > .aligncenter{width:100%;}.kadence-column15_8287f8-fc > .kt-inside-inner-col:before{opacity:0.3;}.kadence-column15_8287f8-fc{position:relative;}@media all and (max-width: 1024px){.kadence-column15_8287f8-fc > .kt-inside-inner-col{flex-direction:column;justify-content:center;}}@media all and (max-width: 767px){.kadence-column15_8287f8-fc > .kt-inside-inner-col{flex-direction:column;justify-content:center;}}<\/style>\n<div class=\"wp-block-kadence-column kadence-column15_8287f8-fc\"><div class=\"kt-inside-inner-col\"><div class=\"wp-block-image is-style-rounded\">\n<figure class=\"aligncenter size-large is-resized has-custom-border wp-duotone-unset-1\"><img loading=\"lazy\" decoding=\"async\" width=\"1022\" height=\"1024\" src=\"https:\/\/archiy.fr\/wp-content\/uploads\/2024\/04\/Photo-de-profil-circulaire-1022x1024.png\" alt=\"\" class=\"wp-image-990\" style=\"border-style:none;border-width:0px;border-radius:0px;width:197px;height:auto\" srcset=\"https:\/\/archiy.fr\/wp-content\/uploads\/2024\/04\/Photo-de-profil-circulaire-1022x1024.png 1022w, https:\/\/archiy.fr\/wp-content\/uploads\/2024\/04\/Photo-de-profil-circulaire-300x300.png 300w, https:\/\/archiy.fr\/wp-content\/uploads\/2024\/04\/Photo-de-profil-circulaire-150x150.png 150w, https:\/\/archiy.fr\/wp-content\/uploads\/2024\/04\/Photo-de-profil-circulaire-768x769.png 768w, https:\/\/archiy.fr\/wp-content\/uploads\/2024\/04\/Photo-de-profil-circulaire-1533x1536.png 1533w, https:\/\/archiy.fr\/wp-content\/uploads\/2024\/04\/Photo-de-profil-circulaire.png 1638w\" sizes=\"(max-width: 1022px) 100vw, 1022px\" \/><\/figure><\/div><\/div><\/div>\n\n<\/div><\/div>\n\n\n<figure class=\"wp-block-image size-full is-resized\"><img loading=\"lazy\" decoding=\"async\" width=\"420\" height=\"71\" src=\"https:\/\/archiy.fr\/wp-content\/uploads\/2024\/03\/Paraphe.png\" alt=\"\" class=\"wp-image-170\" style=\"width:166px;height:auto\" srcset=\"https:\/\/archiy.fr\/wp-content\/uploads\/2024\/03\/Paraphe.png 420w, https:\/\/archiy.fr\/wp-content\/uploads\/2024\/03\/Paraphe-300x51.png 300w\" sizes=\"(max-width: 420px) 100vw, 420px\" \/><\/figure>\n\n\n<style>.wp-block-kadence-spacer.kt-block-spacer-15_c2bd43-7d .kt-block-spacer{height:75px;}.wp-block-kadence-spacer.kt-block-spacer-15_c2bd43-7d .kt-divider{border-top-width:1px;height:1px;border-top-color:var(--global-palette1, #3182CE);width:80%;border-top-style:solid;}<\/style>\n<div class=\"wp-block-kadence-spacer aligncenter kt-block-spacer-15_c2bd43-7d\"><div class=\"kt-block-spacer kt-block-spacer-halign-center\"><hr class=\"kt-divider\"\/><\/div><\/div>\n","protected":false},"excerpt":{"rendered":"<p>\u00a0\u00bb Form\u00e9 en BTS B\u00e2timent puis \u00e0 l&rsquo;\u00e9cole d&rsquo;architecture de Paris La Villette, je nourri mon attrait pour les projets de r\u00e9novation, construction, architecture et d\u00e9coration. J\u2019appr\u00e9cie et suis attentif \u00e0 l\u2019histoire d\u2019un lieu, d\u2019une b\u00e2tisse, d\u2019un d\u00e9cor et de ses personnes. Attir\u00e9 par les visions nouvelles, les expertises et les pens\u00e9es qui se croisent,&#8230;<\/p>\n","protected":false},"author":1,"featured_media":0,"parent":0,"menu_order":0,"comment_status":"closed","ping_status":"closed","template":"","meta":{"_kad_post_transparent":"","_kad_post_title":"","_kad_post_layout":"","_kad_post_sidebar_id":"","_kad_post_content_style":"","_kad_post_vertical_padding":"","_kad_post_feature":"","_kad_post_feature_position":"","_kad_post_header":false,"_kad_post_footer":false,"footnotes":""},"yoast_head":"<!-- This site is optimized with the Yoast SEO plugin v22.7 - https:\/\/yoast.com\/wordpress\/plugins\/seo\/ -->\n<title>A propos - archiy.fr<\/title>\n<meta name=\"robots\" content=\"index, follow, max-snippet:-1, max-image-preview:large, max-video-preview:-1\" \/>\n<link rel=\"canonical\" href=\"https:\/\/archiy.fr\/index.php\/a-propos\/\" \/>\n<meta property=\"og:locale\" content=\"fr_FR\" \/>\n<meta property=\"og:type\" content=\"article\" \/>\n<meta property=\"og:title\" content=\"A propos - archiy.fr\" \/>\n<meta property=\"og:description\" content=\"\u00a0\u00bb Form\u00e9 en BTS B\u00e2timent puis \u00e0 l&rsquo;\u00e9cole d&rsquo;architecture de Paris La Villette, je nourri mon attrait pour les projets de r\u00e9novation, construction, architecture et d\u00e9coration. J\u2019appr\u00e9cie et suis attentif \u00e0 l\u2019histoire d\u2019un lieu, d\u2019une b\u00e2tisse, d\u2019un d\u00e9cor et de ses personnes. Attir\u00e9 par les visions nouvelles, les expertises et les pens\u00e9es qui se croisent,...\" \/>\n<meta property=\"og:url\" content=\"https:\/\/archiy.fr\/index.php\/a-propos\/\" \/>\n<meta property=\"og:site_name\" content=\"archiy.fr\" \/>\n<meta property=\"article:publisher\" content=\"https:\/\/www.facebook.com\/atelier.archiy\" \/>\n<meta property=\"article:modified_time\" content=\"2024-05-21T14:23:52+00:00\" \/>\n<meta property=\"og:image\" content=\"https:\/\/archiy.fr\/wp-content\/uploads\/2024\/04\/Photo-de-profil-circulaire-1022x1024.png\" \/>\n<meta name=\"twitter:card\" content=\"summary_large_image\" \/>\n<meta name=\"twitter:label1\" content=\"Dur\u00e9e de lecture estim\u00e9e\" \/>\n\t<meta name=\"twitter:data1\" content=\"1 minute\" \/>\n<script type=\"application\/ld+json\" class=\"yoast-schema-graph\">{\"@context\":\"https:\/\/schema.org\",\"@graph\":[{\"@type\":\"WebPage\",\"@id\":\"https:\/\/archiy.fr\/index.php\/a-propos\/\",\"url\":\"https:\/\/archiy.fr\/index.php\/a-propos\/\",\"name\":\"A propos - archiy.fr\",\"isPartOf\":{\"@id\":\"https:\/\/archiy.fr\/#website\"},\"primaryImageOfPage\":{\"@id\":\"https:\/\/archiy.fr\/index.php\/a-propos\/#primaryimage\"},\"image\":{\"@id\":\"https:\/\/archiy.fr\/index.php\/a-propos\/#primaryimage\"},\"thumbnailUrl\":\"https:\/\/archiy.fr\/wp-content\/uploads\/2024\/04\/Photo-de-profil-circulaire-1022x1024.png\",\"datePublished\":\"2024-03-26T18:39:03+00:00\",\"dateModified\":\"2024-05-21T14:23:52+00:00\",\"breadcrumb\":{\"@id\":\"https:\/\/archiy.fr\/index.php\/a-propos\/#breadcrumb\"},\"inLanguage\":\"fr-FR\",\"potentialAction\":[{\"@type\":\"ReadAction\",\"target\":[\"https:\/\/archiy.fr\/index.php\/a-propos\/\"]}]},{\"@type\":\"ImageObject\",\"inLanguage\":\"fr-FR\",\"@id\":\"https:\/\/archiy.fr\/index.php\/a-propos\/#primaryimage\",\"url\":\"https:\/\/archiy.fr\/wp-content\/uploads\/2024\/04\/Photo-de-profil-circulaire.png\",\"contentUrl\":\"https:\/\/archiy.fr\/wp-content\/uploads\/2024\/04\/Photo-de-profil-circulaire.png\",\"width\":1638,\"height\":1641},{\"@type\":\"BreadcrumbList\",\"@id\":\"https:\/\/archiy.fr\/index.php\/a-propos\/#breadcrumb\",\"itemListElement\":[{\"@type\":\"ListItem\",\"position\":1,\"name\":\"Accueil\",\"item\":\"https:\/\/archiy.fr\/\"},{\"@type\":\"ListItem\",\"position\":2,\"name\":\"A propos\"}]},{\"@type\":\"WebSite\",\"@id\":\"https:\/\/archiy.fr\/#website\",\"url\":\"https:\/\/archiy.fr\/\",\"name\":\"archiy.fr\",\"description\":\"Architecte d&#039;int\u00e9rieur, d\u00e9corateur, designer d&#039;int\u00e9rieurs\",\"publisher\":{\"@id\":\"https:\/\/archiy.fr\/#organization\"},\"potentialAction\":[{\"@type\":\"SearchAction\",\"target\":{\"@type\":\"EntryPoint\",\"urlTemplate\":\"https:\/\/archiy.fr\/?s={search_term_string}\"},\"query-input\":\"required name=search_term_string\"}],\"inLanguage\":\"fr-FR\"},{\"@type\":\"Organization\",\"@id\":\"https:\/\/archiy.fr\/#organization\",\"name\":\"Archiy\",\"url\":\"https:\/\/archiy.fr\/\",\"logo\":{\"@type\":\"ImageObject\",\"inLanguage\":\"fr-FR\",\"@id\":\"https:\/\/archiy.fr\/#\/schema\/logo\/image\/\",\"url\":\"https:\/\/archiy.fr\/wp-content\/uploads\/2024\/03\/cropped-Archiy-Logo-1.png\",\"contentUrl\":\"https:\/\/archiy.fr\/wp-content\/uploads\/2024\/03\/cropped-Archiy-Logo-1.png\",\"width\":2168,\"height\":868,\"caption\":\"Archiy\"},\"image\":{\"@id\":\"https:\/\/archiy.fr\/#\/schema\/logo\/image\/\"},\"sameAs\":[\"https:\/\/www.facebook.com\/atelier.archiy\"]}]}<\/script>\n<!-- \/ Yoast SEO plugin. -->","yoast_head_json":{"title":"A propos - archiy.fr","robots":{"index":"index","follow":"follow","max-snippet":"max-snippet:-1","max-image-preview":"max-image-preview:large","max-video-preview":"max-video-preview:-1"},"canonical":"https:\/\/archiy.fr\/index.php\/a-propos\/","og_locale":"fr_FR","og_type":"article","og_title":"A propos - archiy.fr","og_description":"\u00a0\u00bb Form\u00e9 en BTS B\u00e2timent puis \u00e0 l&rsquo;\u00e9cole d&rsquo;architecture de Paris La Villette, je nourri mon attrait pour les projets de r\u00e9novation, construction, architecture et d\u00e9coration. J\u2019appr\u00e9cie et suis attentif \u00e0 l\u2019histoire d\u2019un lieu, d\u2019une b\u00e2tisse, d\u2019un d\u00e9cor et de ses personnes. Attir\u00e9 par les visions nouvelles, les expertises et les pens\u00e9es qui se croisent,...","og_url":"https:\/\/archiy.fr\/index.php\/a-propos\/","og_site_name":"archiy.fr","article_publisher":"https:\/\/www.facebook.com\/atelier.archiy","article_modified_time":"2024-05-21T14:23:52+00:00","og_image":[{"url":"https:\/\/archiy.fr\/wp-content\/uploads\/2024\/04\/Photo-de-profil-circulaire-1022x1024.png"}],"twitter_card":"summary_large_image","twitter_misc":{"Dur\u00e9e de lecture estim\u00e9e":"1 minute"},"schema":{"@context":"https:\/\/schema.org","@graph":[{"@type":"WebPage","@id":"https:\/\/archiy.fr\/index.php\/a-propos\/","url":"https:\/\/archiy.fr\/index.php\/a-propos\/","name":"A propos - archiy.fr","isPartOf":{"@id":"https:\/\/archiy.fr\/#website"},"primaryImageOfPage":{"@id":"https:\/\/archiy.fr\/index.php\/a-propos\/#primaryimage"},"image":{"@id":"https:\/\/archiy.fr\/index.php\/a-propos\/#primaryimage"},"thumbnailUrl":"https:\/\/archiy.fr\/wp-content\/uploads\/2024\/04\/Photo-de-profil-circulaire-1022x1024.png","datePublished":"2024-03-26T18:39:03+00:00","dateModified":"2024-05-21T14:23:52+00:00","breadcrumb":{"@id":"https:\/\/archiy.fr\/index.php\/a-propos\/#breadcrumb"},"inLanguage":"fr-FR","potentialAction":[{"@type":"ReadAction","target":["https:\/\/archiy.fr\/index.php\/a-propos\/"]}]},{"@type":"ImageObject","inLanguage":"fr-FR","@id":"https:\/\/archiy.fr\/index.php\/a-propos\/#primaryimage","url":"https:\/\/archiy.fr\/wp-content\/uploads\/2024\/04\/Photo-de-profil-circulaire.png","contentUrl":"https:\/\/archiy.fr\/wp-content\/uploads\/2024\/04\/Photo-de-profil-circulaire.png","width":1638,"height":1641},{"@type":"BreadcrumbList","@id":"https:\/\/archiy.fr\/index.php\/a-propos\/#breadcrumb","itemListElement":[{"@type":"ListItem","position":1,"name":"Accueil","item":"https:\/\/archiy.fr\/"},{"@type":"ListItem","position":2,"name":"A propos"}]},{"@type":"WebSite","@id":"https:\/\/archiy.fr\/#website","url":"https:\/\/archiy.fr\/","name":"archiy.fr","description":"Architecte d&#039;int\u00e9rieur, d\u00e9corateur, designer d&#039;int\u00e9rieurs","publisher":{"@id":"https:\/\/archiy.fr\/#organization"},"potentialAction":[{"@type":"SearchAction","target":{"@type":"EntryPoint","urlTemplate":"https:\/\/archiy.fr\/?s={search_term_string}"},"query-input":"required name=search_term_string"}],"inLanguage":"fr-FR"},{"@type":"Organization","@id":"https:\/\/archiy.fr\/#organization","name":"Archiy","url":"https:\/\/archiy.fr\/","logo":{"@type":"ImageObject","inLanguage":"fr-FR","@id":"https:\/\/archiy.fr\/#\/schema\/logo\/image\/","url":"https:\/\/archiy.fr\/wp-content\/uploads\/2024\/03\/cropped-Archiy-Logo-1.png","contentUrl":"https:\/\/archiy.fr\/wp-content\/uploads\/2024\/03\/cropped-Archiy-Logo-1.png","width":2168,"height":868,"caption":"Archiy"},"image":{"@id":"https:\/\/archiy.fr\/#\/schema\/logo\/image\/"},"sameAs":["https:\/\/www.facebook.com\/atelier.archiy"]}]}},"_links":{"self":[{"href":"https:\/\/archiy.fr\/index.php\/wp-json\/wp\/v2\/pages\/15"}],"collection":[{"href":"https:\/\/archiy.fr\/index.php\/wp-json\/wp\/v2\/pages"}],"about":[{"href":"https:\/\/archiy.fr\/index.php\/wp-json\/wp\/v2\/types\/page"}],"author":[{"embeddable":true,"href":"https:\/\/archiy.fr\/index.php\/wp-json\/wp\/v2\/users\/1"}],"replies":[{"embeddable":true,"href":"https:\/\/archiy.fr\/index.php\/wp-json\/wp\/v2\/comments?post=15"}],"version-history":[{"count":22,"href":"https:\/\/archiy.fr\/index.php\/wp-json\/wp\/v2\/pages\/15\/revisions"}],"predecessor-version":[{"id":1263,"href":"https:\/\/archiy.fr\/index.php\/wp-json\/wp\/v2\/pages\/15\/revisions\/1263"}],"wp:attachment":[{"href":"https:\/\/archiy.fr\/index.php\/wp-json\/wp\/v2\/media?parent=15"}],"curies":[{"name":"wp","href":"https:\/\/api.w.org\/{rel}","templated":true}]}}