{"id":19,"date":"2024-03-26T19:40:07","date_gmt":"2024-03-26T18:40:07","guid":{"rendered":"https:\/\/archiy.fr\/?page_id=19"},"modified":"2024-04-05T15:13:28","modified_gmt":"2024-04-05T13:13:28","slug":"mentions-legales","status":"publish","type":"page","link":"https:\/\/archiy.fr\/index.php\/mentions-legales\/","title":{"rendered":"Mentions l\u00e9gales"},"content":{"rendered":"\n<h3 class=\"wp-block-heading\" style=\"line-height:2\">Identification<\/h3>\n\n\n\n<p class=\"has-theme-palette-3-color has-text-color has-link-color has-small-font-size wp-elements-51b424b8b86789d1c3a4beef2dca77a3\" style=\"line-height:0\">D\u00e9nomination sociale ou raison sociale :&nbsp;ARCHIY (EI \u2013 Thomas BERNARD)<\/p>\n\n\n\n<p class=\"has-theme-palette-3-color has-text-color has-link-color has-small-font-size wp-elements-fb42d74bb3bcfbcb091e1657b3ea80f0\" style=\"line-height:0\">Adresse du si\u00e8ge social :&nbsp;1 Impasse Blandin, 44100 Nantes &#8211; France<\/p>\n\n\n\n<p class=\"has-theme-palette-3-color has-text-color has-link-color has-small-font-size wp-elements-5187ddb8eda0040df58c40eaabf70847\" style=\"line-height:0\">Num\u00e9ro de t\u00e9l\u00e9phone&nbsp;: +33 6 10 64 20 85<\/p>\n\n\n\n<p class=\"has-theme-palette-3-color has-text-color has-link-color has-small-font-size wp-elements-78748afbc9683e251558b1e3b4c551c2\" style=\"line-height:0\">Adresse de courrier \u00e9lectronique : <a href=\"mailto:contact@archiy.fr\">thomas@archiy.fr<\/a><\/p>\n\n\n\n<p class=\"has-theme-palette-3-color has-text-color has-link-color has-small-font-size wp-elements-80f89fc2fb7be33c46ba2d6f1cb04f7d\" style=\"line-height:0\">Forme juridique de la soci\u00e9t\u00e9 :&nbsp;Entreprise Individuelle<\/p>\n\n\n\n<h3 class=\"wp-block-heading\">&nbsp;<\/h3>\n\n\n\n<h3 class=\"wp-block-heading\" style=\"line-height:2\">Activit\u00e9<\/h3>\n\n\n\n<p class=\"has-theme-palette-3-color has-text-color has-link-color has-small-font-size wp-elements-ed8f699a8668e7209a66e0f3d71f7ba9\" style=\"line-height:0\">APE&nbsp;: 71.11Z \u2013 Activit\u00e9s d\u2019architecture<\/p>\n\n\n\n<p class=\"has-theme-palette-3-color has-text-color has-link-color has-small-font-size wp-elements-9495849343e3883d7b19001440e3e364\" style=\"line-height:0\">SIRET :&nbsp;&nbsp;821&nbsp;758&nbsp;828 00015<\/p>\n\n\n\n<p class=\"has-theme-palette-3-color has-text-color has-link-color has-small-font-size wp-elements-2964411988fce58ffaeea72a71b0fb92\" style=\"line-height:0\">TVA&nbsp;:<em>&nbsp;Non assujetti \u00e0 la TVA li\u00e9e aux activit\u00e9s d\u2019architecture<\/em><\/p>\n\n\n\n<h3 class=\"wp-block-heading\"><br>H\u00e9bergement du site<\/h3>\n\n\n\n<p class=\"has-theme-palette-3-color has-text-color has-link-color has-small-font-size wp-elements-ffe7559dae65ed7515ce38eff55ee081\"><strong>Adresse :<\/strong><br>Hostinger International, Ltd<br>\u00c0 l&rsquo;attention de : D\u00e9l\u00e9gu\u00e9 \u00e0 la protection des donn\u00e9es<br>61 Lordou Vironos Street<br>6023 Larnaca<br>Cyprus<\/p>\n\n\n\n<p class=\"has-theme-palette-3-color has-text-color has-link-color has-small-font-size wp-elements-0a20522b8023bcccd1c366900db7765c\">Email : <a href=\"mailto:gdpr@hostinger.com\">gdpr@hostinger.com<\/a><\/p>\n\n\n\n<p class=\"has-theme-palette-3-color has-text-color has-link-color has-small-font-size wp-elements-8b79181b855442f4cec030aa49e73368\">Site web : <a href=\"https:\/\/www.hostinger.com\/\">https:\/\/www.hostinger.com\/<\/a><\/p>\n\n\n\n<p class=\"has-theme-palette-3-color has-text-color has-link-color has-small-font-size wp-elements-23e7a87e73615139534138c7c711b9cb\"><strong>Cat\u00e9gorie :<\/strong>&nbsp;t\u00e9l\u00e9communications<\/p>\n","protected":false},"excerpt":{"rendered":"<p>Identification D\u00e9nomination sociale ou raison sociale :&nbsp;ARCHIY (EI \u2013 Thomas BERNARD) Adresse du si\u00e8ge social :&nbsp;1 Impasse Blandin, 44100 Nantes &#8211; France Num\u00e9ro de t\u00e9l\u00e9phone&nbsp;: +33 6 10 64 20 85 Adresse de courrier \u00e9lectronique : thomas@archiy.fr Forme juridique de la soci\u00e9t\u00e9 :&nbsp;Entreprise Individuelle &nbsp; Activit\u00e9 APE&nbsp;: 71.11Z \u2013 Activit\u00e9s d\u2019architecture SIRET :&nbsp;&nbsp;821&nbsp;758&nbsp;828 00015 TVA&nbsp;:&nbsp;Non&#8230;<\/p>\n","protected":false},"author":1,"featured_media":0,"parent":0,"menu_order":0,"comment_status":"closed","ping_status":"closed","template":"","meta":{"_kad_post_transparent":"","_kad_post_title":"","_kad_post_layout":"","_kad_post_sidebar_id":"","_kad_post_content_style":"","_kad_post_vertical_padding":"","_kad_post_feature":"","_kad_post_feature_position":"","_kad_post_header":false,"_kad_post_footer":false,"footnotes":""},"yoast_head":"<!-- This site is optimized with the Yoast SEO plugin v22.7 - https:\/\/yoast.com\/wordpress\/plugins\/seo\/ -->\n<title>Mentions l\u00e9gales - archiy.fr<\/title>\n<meta name=\"robots\" content=\"index, follow, max-snippet:-1, max-image-preview:large, max-video-preview:-1\" \/>\n<link rel=\"canonical\" href=\"https:\/\/archiy.fr\/index.php\/mentions-legales\/\" \/>\n<meta property=\"og:locale\" content=\"fr_FR\" \/>\n<meta property=\"og:type\" content=\"article\" \/>\n<meta property=\"og:title\" content=\"Mentions l\u00e9gales - archiy.fr\" \/>\n<meta property=\"og:description\" content=\"Identification D\u00e9nomination sociale ou raison sociale :&nbsp;ARCHIY (EI \u2013 Thomas BERNARD) Adresse du si\u00e8ge social :&nbsp;1 Impasse Blandin, 44100 Nantes &#8211; France Num\u00e9ro de t\u00e9l\u00e9phone&nbsp;: +33 6 10 64 20 85 Adresse de courrier \u00e9lectronique : thomas@archiy.fr Forme juridique de la soci\u00e9t\u00e9 :&nbsp;Entreprise Individuelle &nbsp; Activit\u00e9 APE&nbsp;: 71.11Z \u2013 Activit\u00e9s d\u2019architecture SIRET :&nbsp;&nbsp;821&nbsp;758&nbsp;828 00015 TVA&nbsp;:&nbsp;Non...\" \/>\n<meta property=\"og:url\" content=\"https:\/\/archiy.fr\/index.php\/mentions-legales\/\" \/>\n<meta property=\"og:site_name\" content=\"archiy.fr\" \/>\n<meta property=\"article:publisher\" content=\"https:\/\/www.facebook.com\/atelier.archiy\" \/>\n<meta property=\"article:modified_time\" content=\"2024-04-05T13:13:28+00:00\" \/>\n<meta name=\"twitter:card\" content=\"summary_large_image\" \/>\n<meta name=\"twitter:label1\" content=\"Dur\u00e9e de lecture estim\u00e9e\" \/>\n\t<meta name=\"twitter:data1\" content=\"1 minute\" \/>\n<script type=\"application\/ld+json\" class=\"yoast-schema-graph\">{\"@context\":\"https:\/\/schema.org\",\"@graph\":[{\"@type\":\"WebPage\",\"@id\":\"https:\/\/archiy.fr\/index.php\/mentions-legales\/\",\"url\":\"https:\/\/archiy.fr\/index.php\/mentions-legales\/\",\"name\":\"Mentions l\u00e9gales - archiy.fr\",\"isPartOf\":{\"@id\":\"https:\/\/archiy.fr\/#website\"},\"datePublished\":\"2024-03-26T18:40:07+00:00\",\"dateModified\":\"2024-04-05T13:13:28+00:00\",\"breadcrumb\":{\"@id\":\"https:\/\/archiy.fr\/index.php\/mentions-legales\/#breadcrumb\"},\"inLanguage\":\"fr-FR\",\"potentialAction\":[{\"@type\":\"ReadAction\",\"target\":[\"https:\/\/archiy.fr\/index.php\/mentions-legales\/\"]}]},{\"@type\":\"BreadcrumbList\",\"@id\":\"https:\/\/archiy.fr\/index.php\/mentions-legales\/#breadcrumb\",\"itemListElement\":[{\"@type\":\"ListItem\",\"position\":1,\"name\":\"Accueil\",\"item\":\"https:\/\/archiy.fr\/\"},{\"@type\":\"ListItem\",\"position\":2,\"name\":\"Mentions l\u00e9gales\"}]},{\"@type\":\"WebSite\",\"@id\":\"https:\/\/archiy.fr\/#website\",\"url\":\"https:\/\/archiy.fr\/\",\"name\":\"archiy.fr\",\"description\":\"Architecte d&#039;int\u00e9rieur, d\u00e9corateur, designer d&#039;int\u00e9rieurs\",\"publisher\":{\"@id\":\"https:\/\/archiy.fr\/#organization\"},\"potentialAction\":[{\"@type\":\"SearchAction\",\"target\":{\"@type\":\"EntryPoint\",\"urlTemplate\":\"https:\/\/archiy.fr\/?s={search_term_string}\"},\"query-input\":\"required name=search_term_string\"}],\"inLanguage\":\"fr-FR\"},{\"@type\":\"Organization\",\"@id\":\"https:\/\/archiy.fr\/#organization\",\"name\":\"Archiy\",\"url\":\"https:\/\/archiy.fr\/\",\"logo\":{\"@type\":\"ImageObject\",\"inLanguage\":\"fr-FR\",\"@id\":\"https:\/\/archiy.fr\/#\/schema\/logo\/image\/\",\"url\":\"https:\/\/archiy.fr\/wp-content\/uploads\/2024\/03\/cropped-Archiy-Logo-1.png\",\"contentUrl\":\"https:\/\/archiy.fr\/wp-content\/uploads\/2024\/03\/cropped-Archiy-Logo-1.png\",\"width\":2168,\"height\":868,\"caption\":\"Archiy\"},\"image\":{\"@id\":\"https:\/\/archiy.fr\/#\/schema\/logo\/image\/\"},\"sameAs\":[\"https:\/\/www.facebook.com\/atelier.archiy\"]}]}<\/script>\n<!-- \/ Yoast SEO plugin. -->","yoast_head_json":{"title":"Mentions l\u00e9gales - archiy.fr","robots":{"index":"index","follow":"follow","max-snippet":"max-snippet:-1","max-image-preview":"max-image-preview:large","max-video-preview":"max-video-preview:-1"},"canonical":"https:\/\/archiy.fr\/index.php\/mentions-legales\/","og_locale":"fr_FR","og_type":"article","og_title":"Mentions l\u00e9gales - archiy.fr","og_description":"Identification D\u00e9nomination sociale ou raison sociale :&nbsp;ARCHIY (EI \u2013 Thomas BERNARD) Adresse du si\u00e8ge social :&nbsp;1 Impasse Blandin, 44100 Nantes &#8211; France Num\u00e9ro de t\u00e9l\u00e9phone&nbsp;: +33 6 10 64 20 85 Adresse de courrier \u00e9lectronique : thomas@archiy.fr Forme juridique de la soci\u00e9t\u00e9 :&nbsp;Entreprise Individuelle &nbsp; Activit\u00e9 APE&nbsp;: 71.11Z \u2013 Activit\u00e9s d\u2019architecture SIRET :&nbsp;&nbsp;821&nbsp;758&nbsp;828 00015 TVA&nbsp;:&nbsp;Non...","og_url":"https:\/\/archiy.fr\/index.php\/mentions-legales\/","og_site_name":"archiy.fr","article_publisher":"https:\/\/www.facebook.com\/atelier.archiy","article_modified_time":"2024-04-05T13:13:28+00:00","twitter_card":"summary_large_image","twitter_misc":{"Dur\u00e9e de lecture estim\u00e9e":"1 minute"},"schema":{"@context":"https:\/\/schema.org","@graph":[{"@type":"WebPage","@id":"https:\/\/archiy.fr\/index.php\/mentions-legales\/","url":"https:\/\/archiy.fr\/index.php\/mentions-legales\/","name":"Mentions l\u00e9gales - archiy.fr","isPartOf":{"@id":"https:\/\/archiy.fr\/#website"},"datePublished":"2024-03-26T18:40:07+00:00","dateModified":"2024-04-05T13:13:28+00:00","breadcrumb":{"@id":"https:\/\/archiy.fr\/index.php\/mentions-legales\/#breadcrumb"},"inLanguage":"fr-FR","potentialAction":[{"@type":"ReadAction","target":["https:\/\/archiy.fr\/index.php\/mentions-legales\/"]}]},{"@type":"BreadcrumbList","@id":"https:\/\/archiy.fr\/index.php\/mentions-legales\/#breadcrumb","itemListElement":[{"@type":"ListItem","position":1,"name":"Accueil","item":"https:\/\/archiy.fr\/"},{"@type":"ListItem","position":2,"name":"Mentions l\u00e9gales"}]},{"@type":"WebSite","@id":"https:\/\/archiy.fr\/#website","url":"https:\/\/archiy.fr\/","name":"archiy.fr","description":"Architecte d&#039;int\u00e9rieur, d\u00e9corateur, designer d&#039;int\u00e9rieurs","publisher":{"@id":"https:\/\/archiy.fr\/#organization"},"potentialAction":[{"@type":"SearchAction","target":{"@type":"EntryPoint","urlTemplate":"https:\/\/archiy.fr\/?s={search_term_string}"},"query-input":"required name=search_term_string"}],"inLanguage":"fr-FR"},{"@type":"Organization","@id":"https:\/\/archiy.fr\/#organization","name":"Archiy","url":"https:\/\/archiy.fr\/","logo":{"@type":"ImageObject","inLanguage":"fr-FR","@id":"https:\/\/archiy.fr\/#\/schema\/logo\/image\/","url":"https:\/\/archiy.fr\/wp-content\/uploads\/2024\/03\/cropped-Archiy-Logo-1.png","contentUrl":"https:\/\/archiy.fr\/wp-content\/uploads\/2024\/03\/cropped-Archiy-Logo-1.png","width":2168,"height":868,"caption":"Archiy"},"image":{"@id":"https:\/\/archiy.fr\/#\/schema\/logo\/image\/"},"sameAs":["https:\/\/www.facebook.com\/atelier.archiy"]}]}},"_links":{"self":[{"href":"https:\/\/archiy.fr\/index.php\/wp-json\/wp\/v2\/pages\/19"}],"collection":[{"href":"https:\/\/archiy.fr\/index.php\/wp-json\/wp\/v2\/pages"}],"about":[{"href":"https:\/\/archiy.fr\/index.php\/wp-json\/wp\/v2\/types\/page"}],"author":[{"embeddable":true,"href":"https:\/\/archiy.fr\/index.php\/wp-json\/wp\/v2\/users\/1"}],"replies":[{"embeddable":true,"href":"https:\/\/archiy.fr\/index.php\/wp-json\/wp\/v2\/comments?post=19"}],"version-history":[{"count":4,"href":"https:\/\/archiy.fr\/index.php\/wp-json\/wp\/v2\/pages\/19\/revisions"}],"predecessor-version":[{"id":1004,"href":"https:\/\/archiy.fr\/index.php\/wp-json\/wp\/v2\/pages\/19\/revisions\/1004"}],"wp:attachment":[{"href":"https:\/\/archiy.fr\/index.php\/wp-json\/wp\/v2\/media?parent=19"}],"curies":[{"name":"wp","href":"https:\/\/api.w.org\/{rel}","templated":true}]}}